{"id":3278,"date":"2026-04-29T09:50:15","date_gmt":"2026-04-29T07:50:15","guid":{"rendered":"https:\/\/hd-xxlprint.de\/?page_id=3278"},"modified":"2026-04-29T10:02:34","modified_gmt":"2026-04-29T08:02:34","slug":"karriere","status":"publish","type":"page","link":"https:\/\/hd-xxlprint.de\/en\/karriere\/","title":{"rendered":"Karriere"},"content":{"rendered":"<p>[et_pb_section fb_built=&#8220;1&#8243; module_id=&#8220;werbetechnik&#8220; _builder_version=&#8220;4.17.4&#8243; _module_preset=&#8220;default&#8220; custom_margin=&#8220;0px||||false|false&#8220; custom_padding=&#8220;||||false|false&#8220; global_colors_info=&#8220;{}&#8220; theme_builder_area=&#8220;post_content&#8220;][et_pb_row _builder_version=&#8220;4.17.3&#8243; _module_preset=&#8220;default&#8220; width_tablet=&#8220;85%&#8220; width_phone=&#8220;85%&#8220; width_last_edited=&#8220;on|phone&#8220; custom_margin=&#8220;||20px||false|false&#8220; global_colors_info=&#8220;{}&#8220; theme_builder_area=&#8220;post_content&#8220;][et_pb_column type=&#8220;4_4&#8243; _builder_version=&#8220;4.17.3&#8243; _module_preset=&#8220;default&#8220; global_colors_info=&#8220;{}&#8220; theme_builder_area=&#8220;post_content&#8220;][et_pb_text _builder_version=&#8220;4.27.4&#8243; _module_preset=&#8220;2a58ed68-3482-4290-9ccb-abb91e5b525b&#8220; text_font=&#8220;||||||||&#8220; custom_margin=&#8220;||10px||false|false&#8220; global_colors_info=&#8220;{}&#8220; theme_builder_area=&#8220;post_content&#8220;]<\/p>\n<h2>Wir suchen aktuell<\/h2>\n<h1><span>Projektmanager Werbetechnik (m\/w\/d)\u00a0Vollzeit,\u00a0Karlsfeld bei M\u00fcnchen<\/span><\/h1>\n<p>[\/et_pb_text][et_pb_text disabled_on=&#8220;off|off|off&#8220; _builder_version=&#8220;4.27.4&#8243; _module_preset=&#8220;2a58ed68-3482-4290-9ccb-abb91e5b525b&#8220; width=&#8220;70%&#8220; width_tablet=&#8220;90%&#8220; width_phone=&#8220;100%&#8220; width_last_edited=&#8220;on|phone&#8220; max_width=&#8220;800px&#8220; hover_enabled=&#8220;0&#8243; global_colors_info=&#8220;{}&#8220; width__hover_enabled=&#8220;off|desktop&#8220; theme_builder_area=&#8220;post_content&#8220; sticky_enabled=&#8220;0&#8243;]<\/p>\n<p><span>H&amp;D Digitaldruck steht seit \u00fcber 30 Jahren f\u00fcr ma\u00dfgeschneiderte L\u00f6sungen in Digitaldruck, Werbetechnik und Weiterverarbeitung \u2013 alles aus einer Hand, alles inhouse. Mit einem modernen Maschinenpark, einer au\u00dfergew\u00f6hnlich breiten Fertigungstiefe und einem eingespielten Team realisieren wir Projekte, die weit \u00fcber einen einfachen Druckauftrag hinausgehen: von der Idee bis zur Montage, vom Einzelst\u00fcck bis zur Serienl\u00f6sung. Unser Anspruch: F\u00fcr (fast) jede Anforderung eine L\u00f6sung finden \u2013 und sie handwerklich sauber umsetzen. Mehr \u00fcber uns in unserem Imagefilm:<\/span><span class=\"_40375f0d\"> <\/span><a class=\"cba1a094 a8b8104a\" href=\"https:\/\/www.linkedin.com\/safety\/go\/?url=https%3A%2F%2Flnkd%2Ein%2Fe5mQQ-W2&amp;urlhash=56Df&amp;mt=ApzgLMuime_7Ada96P7c8ljLOuL5tLTDG7W56BpTDnvLDvveDx3sP4eR4NPUhClLAfNlXTINqWaaJEHXTgz3F3ViE40z4kF-gX4csAoUtSIgDZkNMumfHSYwK5c&amp;isSdui=true\" target=\"_blank\" rel=\"noopener\"><span class=\"b8dbf703\"><strong>https:\/\/lnkd.in\/e5mQQ-W2<\/strong><\/span><\/a><\/p>\n<p>[\/et_pb_text][et_pb_button button_url=&#8220;mailto:info@hd-xxlprint.de&#8220; button_text=&#8220;Jetzt bewerben&#8220; button_alignment=&#8220;left&#8220; _builder_version=&#8220;4.27.4&#8243; _module_preset=&#8220;default&#8220; custom_button=&#8220;on&#8220; button_text_size=&#8220;20px&#8220; button_text_color=&#8220;#3b3b3d&#8220; button_bg_color=&#8220;RGBA(255,255,255,0)&#8220; button_border_width=&#8220;0px&#8220; button_border_radius=&#8220;0px&#8220; button_letter_spacing=&#8220;0.4px&#8220; button_font=&#8220;Strawford Bold||||||||&#8220; button_icon=&#8220;&#x24;||divi||400&#8243; button_on_hover=&#8220;off&#8220; custom_margin=&#8220;0px||||false|false&#8220; custom_padding=&#8220;0px|0px||0px|false|false&#8220; hover_enabled=&#8220;0&#8243; locked=&#8220;off&#8220; global_colors_info=&#8220;{}&#8220; button_text_color__hover_enabled=&#8220;on|desktop&#8220; button_text_color__hover=&#8220;#939598&#8243; button_letter_spacing__hover_enabled=&#8220;off|desktop&#8220; button_letter_spacing__hover=&#8220;0.8px&#8220; button_text_shadow_color__hover_enabled=&#8220;on|desktop&#8220; button_text_shadow_color__hover=&#8220;rgba(0,0,0,0.1)&#8220; theme_builder_area=&#8220;post_content&#8220; sticky_enabled=&#8220;0&#8243;][\/et_pb_button][\/et_pb_column][\/et_pb_row][et_pb_row make_equal=&#8220;on&#8220; _builder_version=&#8220;4.27.4&#8243; _module_preset=&#8220;default&#8220; width_tablet=&#8220;85%&#8220; width_phone=&#8220;85%&#8220; width_last_edited=&#8220;on|phone&#8220; custom_margin=&#8220;||50px||false|false&#8220; global_colors_info=&#8220;{}&#8220; locked=&#8220;off&#8220; theme_builder_area=&#8220;post_content&#8220;][et_pb_column type=&#8220;4_4&#8243; _builder_version=&#8220;4.17.3&#8243; _module_preset=&#8220;default&#8220; global_colors_info=&#8220;{}&#8220; theme_builder_area=&#8220;post_content&#8220;][et_pb_text _builder_version=&#8220;4.27.4&#8243; _module_preset=&#8220;2a58ed68-3482-4290-9ccb-abb91e5b525b&#8220; text_line_height=&#8220;1.9em&#8220; header_3_line_height=&#8220;1.2em&#8220; custom_margin=&#8220;||50px||false|false&#8220; custom_padding=&#8220;||0px||false|false&#8220; hover_enabled=&#8220;0&#8243; border_radii=&#8220;off|||30px|&#8220; border_color_left=&#8220;rgba(40,40,40,0.7)&#8220; global_colors_info=&#8220;{}&#8220; border_width_left__hover_enabled=&#8220;off|hover&#8220; border_width_left__hover=&#8220;2px&#8220; transform_styles__hover_enabled=&#8220;off|desktop&#8220; transform_scale__hover_enabled=&#8220;off|desktop&#8220; transform_translate__hover_enabled=&#8220;off|desktop&#8220; transform_rotate__hover_enabled=&#8220;off|desktop&#8220; transform_skew__hover_enabled=&#8220;off|desktop&#8220; transform_origin__hover_enabled=&#8220;off|desktop&#8220; custom_padding__hover_enabled=&#8220;off|hover&#8220; custom_padding__hover=&#8220;|||25px|false|false&#8220; box_shadow_color__hover_enabled=&#8220;on|desktop&#8220; box_shadow_color__hover=&#8220;rgba(0,0,0,0.2)&#8220; transform_translate__hover=&#8220;5px|5px&#8220; theme_builder_area=&#8220;post_content&#8220; sticky_enabled=&#8220;0&#8243; ul_line_height=&#8220;1.9em&#8220;]<\/p>\n<h3><span>Ihre Mission bei uns<\/span><\/h3>\n<ul>\n<li><span>Sie bringen Projekte von der Idee ins Leben \u2013 und behalten dabei immer den \u00dcberblick.<\/span><\/li>\n<li><span>Sie \u00fcbernehmen Kundenauftr\u00e4ge von der Auftragskl\u00e4rung bis zur finalen \u00dcbergabe und steuern den gesamten Projektablauf.<\/span><\/li>\n<li><span>Sie sind die zentrale Schnittstelle zwischen Kunde, Produktion, Lieferanten und Montagepartnern.<\/span><\/li>\n<li><span>Sie erstellen Angebote, kalkulieren Projekte und koordinieren Produktions- und Liefertermine.<\/span><\/li>\n<li><span>Sie kl\u00e4ren technische Anforderungen zu Materialien, Druckverfahren, Konstruktionen und Oberfl\u00e4chen.<\/span><\/li>\n<li><span>Sie behalten Termine, Kosten und Qualit\u00e4t im Blick \u2013 und greifen fr\u00fchzeitig ein, wenn etwas aus dem Ruder l\u00e4uft.<\/span><\/li>\n<li><span>Sie sorgen f\u00fcr eine saubere Projektdokumentation und reibungslose \u00dcbergaben intern wie extern.<\/span><\/li>\n<\/ul>\n<p><span>Kurz gesagt:\u00a0Sie sorgen daf\u00fcr, dass aus dem Kundenwunsch ein fertiges, hochwertiges Produkt wird \u2013 zuverl\u00e4ssig und ohne b\u00f6se \u00dcberraschungen.<\/span><\/p>\n<p>[\/et_pb_text][et_pb_text _builder_version=&#8220;4.27.4&#8243; _module_preset=&#8220;2a58ed68-3482-4290-9ccb-abb91e5b525b&#8220; text_line_height=&#8220;1.9em&#8220; header_3_line_height=&#8220;1.2em&#8220; custom_margin=&#8220;||50px||false|false&#8220; custom_padding=&#8220;||0px||false|false&#8220; hover_enabled=&#8220;0&#8243; border_radii=&#8220;off|||30px|&#8220; border_color_left=&#8220;rgba(40,40,40,0.7)&#8220; global_colors_info=&#8220;{}&#8220; border_width_left__hover_enabled=&#8220;off|hover&#8220; border_width_left__hover=&#8220;2px&#8220; transform_styles__hover_enabled=&#8220;off|desktop&#8220; transform_scale__hover_enabled=&#8220;off|desktop&#8220; transform_translate__hover_enabled=&#8220;off|desktop&#8220; transform_rotate__hover_enabled=&#8220;off|desktop&#8220; transform_skew__hover_enabled=&#8220;off|desktop&#8220; transform_origin__hover_enabled=&#8220;off|desktop&#8220; custom_padding__hover_enabled=&#8220;off|hover&#8220; custom_padding__hover=&#8220;|||25px|false|false&#8220; box_shadow_color__hover_enabled=&#8220;on|desktop&#8220; box_shadow_color__hover=&#8220;rgba(0,0,0,0.2)&#8220; transform_translate__hover=&#8220;5px|5px&#8220; theme_builder_area=&#8220;post_content&#8220; sticky_enabled=&#8220;0&#8243; ul_line_height=&#8220;1.9em&#8220;]<\/p>\n<h3><span>Was Sie mitbringen<\/span><\/h3>\n<ul>\n<li><span>Sie verbinden Organisationstalent mit technischem Verst\u00e4ndnis und haben ein Gesp\u00fcr daf\u00fcr, wie Dinge wirklich umgesetzt werden.<\/span><\/li>\n<li><span>Erfahrung in Projektsteuerung, Arbeitsvorbereitung oder einer vergleichbaren Rolle \u2013 idealerweise in der Werbetechnik, im Druck oder im Messebau.<\/span><\/li>\n<li><span>Technisches Grundverst\u00e4ndnis f\u00fcr Druckverfahren, Materialien und Verarbeitungsprozesse.<\/span><\/li>\n<li><span>Strukturierte, eigenverantwortliche Arbeitsweise \u2013 auch wenn mehrere Projekte gleichzeitig laufen.<\/span><\/li>\n<li><span>Kommunikationsst\u00e4rke gegen\u00fcber Kunden, internen Teams und externen Partnern.<\/span><\/li>\n<li><span>Sicherer Umgang mit g\u00e4ngigen Tools (MS Office); Kenntnisse in Adobe-Programmen oder Produktionssoftware sind ein Plus.<\/span><\/li>\n<li><span>Qualit\u00e4tsbewusstsein und Verantwortungsgef\u00fchl bis zur letzten \u00dcbergabe.<\/span><\/li>\n<\/ul>\n<p>[\/et_pb_text][et_pb_text _builder_version=&#8220;4.27.4&#8243; _module_preset=&#8220;2a58ed68-3482-4290-9ccb-abb91e5b525b&#8220; text_line_height=&#8220;1.9em&#8220; header_3_line_height=&#8220;1.2em&#8220; custom_margin=&#8220;||50px||false|false&#8220; custom_padding=&#8220;||0px||false|false&#8220; hover_enabled=&#8220;0&#8243; border_radii=&#8220;off|||30px|&#8220; border_color_left=&#8220;rgba(40,40,40,0.7)&#8220; global_colors_info=&#8220;{}&#8220; border_width_left__hover_enabled=&#8220;off|hover&#8220; border_width_left__hover=&#8220;2px&#8220; transform_styles__hover_enabled=&#8220;off|desktop&#8220; transform_scale__hover_enabled=&#8220;off|desktop&#8220; transform_translate__hover_enabled=&#8220;off|desktop&#8220; transform_rotate__hover_enabled=&#8220;off|desktop&#8220; transform_skew__hover_enabled=&#8220;off|desktop&#8220; transform_origin__hover_enabled=&#8220;off|desktop&#8220; custom_padding__hover_enabled=&#8220;off|hover&#8220; custom_padding__hover=&#8220;|||25px|false|false&#8220; box_shadow_color__hover_enabled=&#8220;on|desktop&#8220; box_shadow_color__hover=&#8220;rgba(0,0,0,0.2)&#8220; transform_translate__hover=&#8220;5px|5px&#8220; theme_builder_area=&#8220;post_content&#8220; sticky_enabled=&#8220;0&#8243; ul_line_height=&#8220;1.9em&#8220;]<\/p>\n<h3><span>Das bieten wir<\/span><\/h3>\n<ul>\n<li><span>Abwechslungsreiche Projekte mit echtem Gestaltungsspielraum \u2013 kein Tag ist wie der andere, kein Auftrag wie der vorherige.<\/span><\/li>\n<li><span>Ein eingespieltes Team mit kurzen Abstimmungswegen und einer Unternehmenskultur, in der man sich aufeinander verlassen kann.<\/span><\/li>\n<li><span>Ein moderner Maschinenpark und eine breite Fertigungstiefe, die es erm\u00f6glichen, Ideen wirklich bis zu Ende zu denken.<\/span><\/li>\n<li><span>Entwicklungsm\u00f6glichkeiten, die mit dem Unternehmen wachsen \u2013 wer Verantwortung \u00fcbernehmen will, bekommt sie.<\/span><\/li>\n<li><span>Faire, leistungsgerechte Bezahlung und geregelte Arbeitszeiten, die sich mit dem Rest des Lebens vertragen.<\/span><\/li>\n<\/ul>\n<p>[\/et_pb_text][et_pb_button button_url=&#8220;mailto:info@hd-xxlprint.de&#8220; button_text=&#8220;Jetzt bewerben&#8220; button_alignment=&#8220;left&#8220; _builder_version=&#8220;4.27.4&#8243; _module_preset=&#8220;default&#8220; custom_button=&#8220;on&#8220; button_text_size=&#8220;20px&#8220; button_text_color=&#8220;#3b3b3d&#8220; button_bg_color=&#8220;RGBA(255,255,255,0)&#8220; button_border_width=&#8220;0px&#8220; button_border_radius=&#8220;0px&#8220; button_letter_spacing=&#8220;0.4px&#8220; button_font=&#8220;Strawford Bold||||||||&#8220; button_icon=&#8220;&#x24;||divi||400&#8243; button_on_hover=&#8220;off&#8220; custom_margin=&#8220;0px||||false|false&#8220; custom_padding=&#8220;0px|0px||0px|false|false&#8220; hover_enabled=&#8220;0&#8243; locked=&#8220;off&#8220; global_colors_info=&#8220;{}&#8220; button_text_color__hover_enabled=&#8220;on|desktop&#8220; button_text_color__hover=&#8220;#939598&#8243; button_letter_spacing__hover_enabled=&#8220;off|desktop&#8220; button_letter_spacing__hover=&#8220;0.8px&#8220; button_text_shadow_color__hover_enabled=&#8220;on|desktop&#8220; button_text_shadow_color__hover=&#8220;rgba(0,0,0,0.1)&#8220; theme_builder_area=&#8220;post_content&#8220; sticky_enabled=&#8220;0&#8243;][\/et_pb_button][\/et_pb_column][\/et_pb_row][\/et_pb_section][et_pb_section fb_built=&#8220;1&#8243; admin_label=&#8220;Trenner&#8220; _builder_version=&#8220;4.24.0&#8243; _module_preset=&#8220;default&#8220; background_image=&#8220;https:\/\/hd-xxlprint.de\/wp-content\/uploads\/2024\/01\/Trenner-1-scaled.jpg&#8220; parallax=&#8220;on&#8220; locked=&#8220;off&#8220; global_colors_info=&#8220;{}&#8220; theme_builder_area=&#8220;post_content&#8220;][et_pb_row make_equal=&#8220;on&#8220; _builder_version=&#8220;4.21.0&#8243; _module_preset=&#8220;default&#8220; custom_margin=&#8220;10px||10px||false|false&#8220; global_colors_info=&#8220;{}&#8220; theme_builder_area=&#8220;post_content&#8220;][et_pb_column type=&#8220;4_4&#8243; _builder_version=&#8220;4.21.0&#8243; _module_preset=&#8220;default&#8220; global_colors_info=&#8220;{}&#8220; theme_builder_area=&#8220;post_content&#8220;][et_pb_text _builder_version=&#8220;4.27.4&#8243; _module_preset=&#8220;2a58ed68-3482-4290-9ccb-abb91e5b525b&#8220; header_6_font=&#8220;Strawford Bold||||||||&#8220; header_6_text_color=&#8220;#FFFFFF&#8220; header_6_font_size=&#8220;1em&#8220; header_6_letter_spacing=&#8220;1px&#8220; header_6_line_height=&#8220;1.2em&#8220; custom_margin=&#8220;||20px||false|false&#8220; custom_css_main_element=&#8220;font-size: clamp(36px, 6vw, 80px);&#8220; global_colors_info=&#8220;{}&#8220; theme_builder_area=&#8220;post_content&#8220;]<\/p>\n<h6>Mehr, als nur<br \/>Digitaldruck.<\/h6>\n<p>[\/et_pb_text][\/et_pb_column][\/et_pb_row][\/et_pb_section]<\/p>\n","protected":false},"excerpt":{"rendered":"<p>Wir suchen aktuell Projektmanager Werbetechnik (m\/w\/d)\u00a0Vollzeit,\u00a0Karlsfeld bei M\u00fcnchenH&amp;D Digitaldruck steht seit \u00fcber 30 Jahren f\u00fcr ma\u00dfgeschneiderte L\u00f6sungen in Digitaldruck, Werbetechnik und Weiterverarbeitung \u2013 alles aus einer Hand, alles inhouse. Mit einem modernen Maschinenpark, einer au\u00dfergew\u00f6hnlich breiten Fertigungstiefe und einem eingespielten Team realisieren wir Projekte, die weit \u00fcber einen einfachen Druckauftrag hinausgehen: von der Idee bis [&hellip;]<\/p>\n","protected":false},"author":3,"featured_media":0,"parent":0,"menu_order":0,"comment_status":"closed","ping_status":"closed","template":"","meta":{"_et_pb_use_builder":"on","_et_pb_old_content":"","_et_gb_content_width":"","footnotes":""},"class_list":["post-3278","page","type-page","status-publish","hentry"],"yoast_head":"<!-- This site is optimized with the Yoast SEO plugin v27.5 - https:\/\/yoast.com\/product\/yoast-seo-wordpress\/ -->\n<title>Karriere - H&amp;D Digitaldruck<\/title>\n<meta name=\"robots\" content=\"index, follow, max-snippet:-1, max-image-preview:large, max-video-preview:-1\" \/>\n<link rel=\"canonical\" href=\"https:\/\/hd-xxlprint.de\/en\/karriere\/\" \/>\n<meta property=\"og:locale\" content=\"en_US\" \/>\n<meta property=\"og:type\" content=\"article\" \/>\n<meta property=\"og:title\" content=\"Karriere - H&amp;D Digitaldruck\" \/>\n<meta property=\"og:description\" content=\"Wir suchen aktuell Projektmanager Werbetechnik (m\/w\/d)\u00a0Vollzeit,\u00a0Karlsfeld bei M\u00fcnchenH&amp;D Digitaldruck steht seit \u00fcber 30 Jahren f\u00fcr ma\u00dfgeschneiderte L\u00f6sungen in Digitaldruck, Werbetechnik und Weiterverarbeitung \u2013 alles aus einer Hand, alles inhouse. Mit einem modernen Maschinenpark, einer au\u00dfergew\u00f6hnlich breiten Fertigungstiefe und einem eingespielten Team realisieren wir Projekte, die weit \u00fcber einen einfachen Druckauftrag hinausgehen: von der Idee bis [&hellip;]\" \/>\n<meta property=\"og:url\" content=\"https:\/\/hd-xxlprint.de\/en\/karriere\/\" \/>\n<meta property=\"og:site_name\" content=\"H&amp;D Digitaldruck\" \/>\n<meta property=\"article:modified_time\" content=\"2026-04-29T08:02:34+00:00\" \/>\n<meta name=\"twitter:card\" content=\"summary_large_image\" \/>\n<script type=\"application\/ld+json\" class=\"yoast-schema-graph\">{\"@context\":\"https:\\\/\\\/schema.org\",\"@graph\":[{\"@type\":\"WebPage\",\"@id\":\"https:\\\/\\\/hd-xxlprint.de\\\/karriere\\\/\",\"url\":\"https:\\\/\\\/hd-xxlprint.de\\\/karriere\\\/\",\"name\":\"Karriere - H&amp;D Digitaldruck\",\"isPartOf\":{\"@id\":\"https:\\\/\\\/hd-xxlprint.de\\\/#website\"},\"datePublished\":\"2026-04-29T07:50:15+00:00\",\"dateModified\":\"2026-04-29T08:02:34+00:00\",\"breadcrumb\":{\"@id\":\"https:\\\/\\\/hd-xxlprint.de\\\/karriere\\\/#breadcrumb\"},\"inLanguage\":\"en-US\",\"potentialAction\":[{\"@type\":\"ReadAction\",\"target\":[\"https:\\\/\\\/hd-xxlprint.de\\\/karriere\\\/\"]}]},{\"@type\":\"BreadcrumbList\",\"@id\":\"https:\\\/\\\/hd-xxlprint.de\\\/karriere\\\/#breadcrumb\",\"itemListElement\":[{\"@type\":\"ListItem\",\"position\":1,\"name\":\"Startseite\",\"item\":\"https:\\\/\\\/hd-xxlprint.de\\\/\"},{\"@type\":\"ListItem\",\"position\":2,\"name\":\"Karriere\"}]},{\"@type\":\"WebSite\",\"@id\":\"https:\\\/\\\/hd-xxlprint.de\\\/#website\",\"url\":\"https:\\\/\\\/hd-xxlprint.de\\\/\",\"name\":\"H&amp;D Digitaldruck\",\"description\":\"Mehr, als nur Digitaldruck\",\"potentialAction\":[{\"@type\":\"SearchAction\",\"target\":{\"@type\":\"EntryPoint\",\"urlTemplate\":\"https:\\\/\\\/hd-xxlprint.de\\\/?s={search_term_string}\"},\"query-input\":{\"@type\":\"PropertyValueSpecification\",\"valueRequired\":true,\"valueName\":\"search_term_string\"}}],\"inLanguage\":\"en-US\"}]}<\/script>\n<!-- \/ Yoast SEO plugin. -->","yoast_head_json":{"title":"Karriere - H&amp;D Digitaldruck","robots":{"index":"index","follow":"follow","max-snippet":"max-snippet:-1","max-image-preview":"max-image-preview:large","max-video-preview":"max-video-preview:-1"},"canonical":"https:\/\/hd-xxlprint.de\/en\/karriere\/","og_locale":"en_US","og_type":"article","og_title":"Karriere - H&amp;D Digitaldruck","og_description":"Wir suchen aktuell Projektmanager Werbetechnik (m\/w\/d)\u00a0Vollzeit,\u00a0Karlsfeld bei M\u00fcnchenH&amp;D Digitaldruck steht seit \u00fcber 30 Jahren f\u00fcr ma\u00dfgeschneiderte L\u00f6sungen in Digitaldruck, Werbetechnik und Weiterverarbeitung \u2013 alles aus einer Hand, alles inhouse. Mit einem modernen Maschinenpark, einer au\u00dfergew\u00f6hnlich breiten Fertigungstiefe und einem eingespielten Team realisieren wir Projekte, die weit \u00fcber einen einfachen Druckauftrag hinausgehen: von der Idee bis [&hellip;]","og_url":"https:\/\/hd-xxlprint.de\/en\/karriere\/","og_site_name":"H&amp;D Digitaldruck","article_modified_time":"2026-04-29T08:02:34+00:00","twitter_card":"summary_large_image","schema":{"@context":"https:\/\/schema.org","@graph":[{"@type":"WebPage","@id":"https:\/\/hd-xxlprint.de\/karriere\/","url":"https:\/\/hd-xxlprint.de\/karriere\/","name":"Karriere - H&amp;D Digitaldruck","isPartOf":{"@id":"https:\/\/hd-xxlprint.de\/#website"},"datePublished":"2026-04-29T07:50:15+00:00","dateModified":"2026-04-29T08:02:34+00:00","breadcrumb":{"@id":"https:\/\/hd-xxlprint.de\/karriere\/#breadcrumb"},"inLanguage":"en-US","potentialAction":[{"@type":"ReadAction","target":["https:\/\/hd-xxlprint.de\/karriere\/"]}]},{"@type":"BreadcrumbList","@id":"https:\/\/hd-xxlprint.de\/karriere\/#breadcrumb","itemListElement":[{"@type":"ListItem","position":1,"name":"Startseite","item":"https:\/\/hd-xxlprint.de\/"},{"@type":"ListItem","position":2,"name":"Karriere"}]},{"@type":"WebSite","@id":"https:\/\/hd-xxlprint.de\/#website","url":"https:\/\/hd-xxlprint.de\/","name":"H&amp;D Digitaldruck","description":"Mehr, als nur Digitaldruck","potentialAction":[{"@type":"SearchAction","target":{"@type":"EntryPoint","urlTemplate":"https:\/\/hd-xxlprint.de\/?s={search_term_string}"},"query-input":{"@type":"PropertyValueSpecification","valueRequired":true,"valueName":"search_term_string"}}],"inLanguage":"en-US"}]}},"_links":{"self":[{"href":"https:\/\/hd-xxlprint.de\/en\/wp-json\/wp\/v2\/pages\/3278","targetHints":{"allow":["GET"]}}],"collection":[{"href":"https:\/\/hd-xxlprint.de\/en\/wp-json\/wp\/v2\/pages"}],"about":[{"href":"https:\/\/hd-xxlprint.de\/en\/wp-json\/wp\/v2\/types\/page"}],"author":[{"embeddable":true,"href":"https:\/\/hd-xxlprint.de\/en\/wp-json\/wp\/v2\/users\/3"}],"replies":[{"embeddable":true,"href":"https:\/\/hd-xxlprint.de\/en\/wp-json\/wp\/v2\/comments?post=3278"}],"version-history":[{"count":4,"href":"https:\/\/hd-xxlprint.de\/en\/wp-json\/wp\/v2\/pages\/3278\/revisions"}],"predecessor-version":[{"id":3284,"href":"https:\/\/hd-xxlprint.de\/en\/wp-json\/wp\/v2\/pages\/3278\/revisions\/3284"}],"wp:attachment":[{"href":"https:\/\/hd-xxlprint.de\/en\/wp-json\/wp\/v2\/media?parent=3278"}],"curies":[{"name":"wp","href":"https:\/\/api.w.org\/{rel}","templated":true}]}}