{"id":1825,"date":"2022-07-04T12:00:56","date_gmt":"2022-07-04T10:00:56","guid":{"rendered":"https:\/\/hd-xxlprint.de\/?page_id=1825"},"modified":"2026-04-29T10:05:25","modified_gmt":"2026-04-29T08:05:25","slug":"kontakt","status":"publish","type":"page","link":"https:\/\/hd-xxlprint.de\/en\/kontakt\/","title":{"rendered":"Contact"},"content":{"rendered":"<p>[et_pb_section fb_built=&#8220;1&#8243; module_id=&#8220;werbetechnik&#8220; _builder_version=&#8220;4.17.4&#8243; _module_preset=&#8220;default&#8220; custom_margin=&#8220;0px||||false|false&#8220; custom_padding=&#8220;||||false|false&#8220; global_colors_info=&#8220;{}&#8220;][et_pb_row _builder_version=&#8220;4.17.3&#8243; _module_preset=&#8220;default&#8220; width_tablet=&#8220;85%&#8220; width_phone=&#8220;85%&#8220; width_last_edited=&#8220;on|phone&#8220; custom_margin=&#8220;||20px||false|false&#8220; global_colors_info=&#8220;{}&#8220;][et_pb_column type=&#8220;4_4&#8243; _builder_version=&#8220;4.17.3&#8243; _module_preset=&#8220;default&#8220; global_colors_info=&#8220;{}&#8220;][et_pb_text _builder_version=&#8220;4.27.4&#8243; _module_preset=&#8220;2a58ed68-3482-4290-9ccb-abb91e5b525b&#8220; text_font=&#8220;||||||||&#8220; custom_margin=&#8220;||10px||false|false&#8220; global_colors_info=&#8220;{}&#8220;]<\/p>\n<h2>Ihr Weg zu uns<\/h2>\n<h1>Kontakt<\/h1>\n<p>[\/et_pb_text][et_pb_text disabled_on=&#8220;off|off|off&#8220; _builder_version=&#8220;4.27.4&#8243; _module_preset=&#8220;2a58ed68-3482-4290-9ccb-abb91e5b525b&#8220; width=&#8220;70%&#8220; width_tablet=&#8220;90%&#8220; width_phone=&#8220;100%&#8220; width_last_edited=&#8220;on|phone&#8220; max_width=&#8220;680px&#8220; global_colors_info=&#8220;{}&#8220; width__hover_enabled=&#8220;off|desktop&#8220;]<\/p>\n<p>Z\u00f6gern Sie nicht und kontaktieren Sie uns. Wir finden f\u00fcr (fast) alles eine L\u00f6sung. Egal, ob am Telefon, bei einem Kaffee oder ganz klassisch per E-Mail. Machen Sie den ersten Schritt und wir melden uns schnellstm\u00f6glich bei Ihnen.<\/p>\n<p>[\/et_pb_text][wpforms_selector form_id=&#8220;3115&#8243; _builder_version=&#8220;4.27.4&#8243; _module_preset=&#8220;default&#8220; max_width=&#8220;1000px&#8220; global_colors_info=&#8220;{}&#8220;][\/wpforms_selector][\/et_pb_column][\/et_pb_row][et_pb_row _builder_version=&#8220;4.17.3&#8243; _module_preset=&#8220;default&#8220; width_tablet=&#8220;85%&#8220; width_phone=&#8220;85%&#8220; width_last_edited=&#8220;on|phone&#8220; custom_margin=&#8220;||20px||false|false&#8220; global_colors_info=&#8220;{}&#8220;][et_pb_column type=&#8220;4_4&#8243; _builder_version=&#8220;4.17.3&#8243; _module_preset=&#8220;default&#8220; global_colors_info=&#8220;{}&#8220;][et_pb_text _builder_version=&#8220;4.27.4&#8243; _module_preset=&#8220;2a58ed68-3482-4290-9ccb-abb91e5b525b&#8220; text_font=&#8220;||||||||&#8220; custom_margin=&#8220;||10px||false|false&#8220; global_colors_info=&#8220;{}&#8220;]<\/p>\n<h2>Schauen Sie gleich vorbei\u00a0<\/h2>\n<h1>Virtueller Rundgang<\/h1>\n<p>[\/et_pb_text][et_pb_text disabled_on=&#8220;off|off|off&#8220; _builder_version=&#8220;4.27.4&#8243; _module_preset=&#8220;2a58ed68-3482-4290-9ccb-abb91e5b525b&#8220; width=&#8220;70%&#8220; width_tablet=&#8220;90%&#8220; width_phone=&#8220;100%&#8220; width_last_edited=&#8220;on|phone&#8220; max_width=&#8220;680px&#8220; global_colors_info=&#8220;{}&#8220; width__hover_enabled=&#8220;off|desktop&#8220;]<\/p>\n<p>Alternativ k\u00f6nnen Sie auch gleich einen Blick hinter unsere Kulissen werfen und bei einem virtuellen Rundgang unser Unternehmen kennenlernen.<\/p>\n<p>[\/et_pb_text][et_pb_code _builder_version=&#8220;4.27.4&#8243; _module_preset=&#8220;default&#8220; hover_enabled=&#8220;0&#8243; global_colors_info=&#8220;{}&#8220; sticky_enabled=&#8220;0&#8243;]<iframe src=\"https:\/\/www.google.com\/maps\/embed?pb=!4v1776681411162!6m8!1m7!1sCAoSHENJQUJJaEJZazhfOV9yY0NWVDRRSkUtZkpBOXo.!2m2!1d48.22860358553986!2d11.48200158655757!3f58.07270822091823!4f2.941611543755897!5f0.7820865974627469\" width=\"100%\" height=\"600\" style=\"border:0;\" allowfullscreen=\"\" loading=\"lazy\" referrerpolicy=\"no-referrer-when-downgrade\"><\/iframe>[\/et_pb_code][\/et_pb_column][\/et_pb_row][\/et_pb_section][et_pb_section fb_built=&#8220;1&#8243; admin_label=&#8220;Trenner&#8220; _builder_version=&#8220;4.24.0&#8243; _module_preset=&#8220;default&#8220; background_image=&#8220;https:\/\/hd-xxlprint.de\/wp-content\/uploads\/2024\/01\/Trenner-1-scaled.jpg&#8220; parallax=&#8220;on&#8220; locked=&#8220;off&#8220; global_colors_info=&#8220;{}&#8220;][et_pb_row make_equal=&#8220;on&#8220; _builder_version=&#8220;4.21.0&#8243; _module_preset=&#8220;default&#8220; custom_margin=&#8220;10px||10px||false|false&#8220; global_colors_info=&#8220;{}&#8220;][et_pb_column type=&#8220;4_4&#8243; _builder_version=&#8220;4.21.0&#8243; _module_preset=&#8220;default&#8220; global_colors_info=&#8220;{}&#8220;][et_pb_text _builder_version=&#8220;4.27.4&#8243; _module_preset=&#8220;2a58ed68-3482-4290-9ccb-abb91e5b525b&#8220; header_6_font=&#8220;Strawford Bold||||||||&#8220; header_6_text_color=&#8220;#FFFFFF&#8220; header_6_font_size=&#8220;1em&#8220; header_6_letter_spacing=&#8220;1px&#8220; header_6_line_height=&#8220;1.2em&#8220; custom_margin=&#8220;||20px||false|false&#8220; custom_css_main_element=&#8220;font-size: clamp(36px, 6vw, 80px);&#8220; global_colors_info=&#8220;{}&#8220;]<\/p>\n<h6>Mehr, als nur<br \/>Digitaldruck.<\/h6>\n<p>[\/et_pb_text][\/et_pb_column][\/et_pb_row][\/et_pb_section]<\/p>\n","protected":false},"excerpt":{"rendered":"<p>Ihr Weg zu uns KontaktZ\u00f6gern Sie nicht und kontaktieren Sie uns. Wir finden f\u00fcr (fast) alles eine L\u00f6sung. Egal, ob am Telefon, bei einem Kaffee oder ganz klassisch per E-Mail. Machen Sie den ersten Schritt und wir melden uns schnellstm\u00f6glich bei Ihnen.<div class=\"et_pb_module wpforms_selector wpforms_selector_0\">\n\t\t\t\t\n\t\t\t\t\n\t\t\t\t\n\t\t\t\t\n\t\t\t\t\n\t\t\t\t\n\t\t\t\t<div class=\"et_pb_module_inner\">\n\t\t\t\t\t<style id=\"wpforms-css-vars-3115\">\n\t\t\t\t#wpforms-3115 {\n\t\t\t\t--wpforms-field-size-input-height: 43px;\n--wpforms-field-size-input-spacing: 15px;\n--wpforms-field-size-font-size: 16px;\n--wpforms-field-size-line-height: 19px;\n--wpforms-field-size-padding-h: 14px;\n--wpforms-field-size-checkbox-size: 16px;\n--wpforms-field-size-sublabel-spacing: 5px;\n--wpforms-field-size-icon-size: 1;\n--wpforms-label-size-font-size: 16px;\n--wpforms-label-size-line-height: 19px;\n--wpforms-label-size-sublabel-font-size: 14px;\n--wpforms-label-size-sublabel-line-height: 17px;\n--wpforms-button-size-font-size: 17px;\n--wpforms-button-size-height: 41px;\n--wpforms-button-size-padding-h: 15px;\n--wpforms-button-size-margin-top: 10px;\n--wpforms-container-shadow-size-box-shadow: none;\n\t\t\t}\n\t\t\t<\/style><div class=\"wpforms-container wpforms-container-full wpforms-render-modern\" id=\"wpforms-3115\"><form id=\"wpforms-form-3115\" class=\"wpforms-validate wpforms-form wpforms-ajax-form\" data-formid=\"3115\" method=\"post\" enctype=\"multipart\/form-data\" action=\"\/en\/wp-json\/wp\/v2\/pages\/1825\" data-token=\"bde504ec5bda4fad6fa8a4724c9c6839\" data-token-time=\"1778677978\"><noscript class=\"wpforms-error-noscript\">Please enable JavaScript in your browser to complete this form.<\/noscript><div id=\"wpforms-error-noscript\" style=\"display: none;\">Please enable JavaScript in your browser to complete this form.<\/div><div class=\"wpforms-field-container\"><div id=\"wpforms-3115-field_1-container\" class=\"wpforms-field wpforms-field-name\" data-field-id=\"1\"><fieldset><legend class=\"wpforms-field-label\">Name <span class=\"wpforms-required-label\" aria-hidden=\"true\">*<\/span><\/legend><div class=\"wpforms-field-row wpforms-field-large\"><div class=\"wpforms-field-row-block wpforms-first wpforms-one-half\"><input type=\"text\" id=\"wpforms-3115-field_1\" class=\"wpforms-field-name-first wpforms-field-required\" name=\"wpforms[fields][1][first]\" aria-errormessage=\"wpforms-3115-field_1-error\" required><label for=\"wpforms-3115-field_1\" class=\"wpforms-field-sublabel after\">First<\/label><\/div><div class=\"wpforms-field-row-block wpforms-one-half\"><input type=\"text\" id=\"wpforms-3115-field_1-last\" class=\"wpforms-field-name-last wpforms-field-required\" name=\"wpforms[fields][1][last]\" aria-errormessage=\"wpforms-3115-field_1-last-error\" required><label for=\"wpforms-3115-field_1-last\" class=\"wpforms-field-sublabel after\">Last<\/label><\/div><\/div><\/fieldset><\/div><div id=\"wpforms-3115-field_2-container\" class=\"wpforms-field wpforms-field-email\" data-field-id=\"2\"><label class=\"wpforms-field-label\" for=\"wpforms-3115-field_2\">E-Mail-Adresse <span class=\"wpforms-required-label\" aria-hidden=\"true\">*<\/span><\/label><input type=\"email\" id=\"wpforms-3115-field_2\" class=\"wpforms-field-large wpforms-field-required\" name=\"wpforms[fields][2]\" spellcheck=\"false\" aria-errormessage=\"wpforms-3115-field_2-error\" required><\/div>\t\t<div id=\"wpforms-3115-field_5-container\"\n\t\t\tclass=\"wpforms-field wpforms-field-text\"\n\t\t\tdata-field-type=\"text\"\n\t\t\tdata-field-id=\"5\"\n\t\t\t>\n\t\t\t<label class=\"wpforms-field-label\" for=\"wpforms-3115-field_5\" >E-Mail-Adresse f\u00fcr Name<\/label>\n\t\t\t<input type=\"text\" id=\"wpforms-3115-field_5\" class=\"wpforms-field-medium\" name=\"wpforms[fields][5]\" >\n\t\t<\/div>\n\t\t<div id=\"wpforms-3115-field_3-container\" class=\"wpforms-field wpforms-field-number\" data-field-id=\"3\"><label class=\"wpforms-field-label\" for=\"wpforms-3115-field_3\">Nummer f\u00fcr R\u00fcckruf <span class=\"wpforms-required-label\" aria-hidden=\"true\">*<\/span><\/label><input type=\"number\" id=\"wpforms-3115-field_3\" class=\"wpforms-field-large wpforms-field-required\" name=\"wpforms[fields][3]\" step=\"any\" aria-errormessage=\"wpforms-3115-field_3-error\" required><\/div><div id=\"wpforms-3115-field_4-container\" class=\"wpforms-field wpforms-field-textarea\" data-field-id=\"4\"><label class=\"wpforms-field-label\" for=\"wpforms-3115-field_4\">Anliegen <span class=\"wpforms-required-label\" aria-hidden=\"true\">*<\/span><\/label><textarea id=\"wpforms-3115-field_4\" class=\"wpforms-field-medium wpforms-field-required\" name=\"wpforms[fields][4]\" aria-errormessage=\"wpforms-3115-field_4-error\" required><\/textarea><\/div><script>\n\t\t\t\t( function() {\n\t\t\t\t\tconst style = document.createElement( 'style' );\n\t\t\t\t\tstyle.appendChild( document.createTextNode( '#wpforms-3115-field_5-container { position: absolute !important; overflow: hidden !important; display: inline !important; height: 1px !important; width: 1px !important; z-index: -1000 !important; padding: 0 !important; } #wpforms-3115-field_5-container input { visibility: hidden; } #wpforms-conversational-form-page #wpforms-3115-field_5-container label { counter-increment: none; }' ) );\n\t\t\t\t\tdocument.head.appendChild( style );\n\t\t\t\t\tdocument.currentScript?.remove();\n\t\t\t\t} )();\n\t\t\t<\/script><\/div><!-- .wpforms-field-container --><div class=\"wpforms-submit-container\" ><input type=\"hidden\" name=\"wpforms[id]\" value=\"3115\"><input type=\"hidden\" name=\"page_title\" value=\"\"><input type=\"hidden\" name=\"page_url\" value=\"https:\/\/hd-xxlprint.de\/en\/wp-json\/wp\/v2\/pages\/1825\"><input type=\"hidden\" name=\"url_referer\" value=\"\"><button type=\"submit\" name=\"wpforms[submit]\" id=\"wpforms-submit-3115\" class=\"wpforms-submit\" data-alt-text=\"Wird gesendet\u00a0\u2026\" data-submit-text=\"Absenden\" aria-live=\"assertive\" value=\"wpforms-submit\">Absenden<\/button><img loading=\"lazy\" decoding=\"async\" src=\"https:\/\/hd-xxlprint.de\/wp-content\/plugins\/wpforms\/assets\/images\/submit-spin.svg\" class=\"wpforms-submit-spinner\" style=\"display: none;\" width=\"26\" height=\"26\" alt=\"Loading\"><\/div><\/form><\/div>  <!-- .wpforms-container -->\n\t\t\t\t<\/div>\n\t\t\t<\/div>Schauen Sie gleich vorbei\u00a0 Virtueller RundgangAlternativ k\u00f6nnen Sie auch [&hellip;]<\/p>\n","protected":false},"author":2,"featured_media":0,"parent":0,"menu_order":0,"comment_status":"closed","ping_status":"closed","template":"","meta":{"_et_pb_use_builder":"on","_et_pb_old_content":"","_et_gb_content_width":"","footnotes":""},"class_list":["post-1825","page","type-page","status-publish","hentry"],"yoast_head":"<!-- This site is optimized with the Yoast SEO plugin v27.6 - https:\/\/yoast.com\/product\/yoast-seo-wordpress\/ -->\n<title>Kontakt - H&amp;D Digitaldruck<\/title>\n<meta name=\"robots\" content=\"index, follow, max-snippet:-1, max-image-preview:large, max-video-preview:-1\" \/>\n<link rel=\"canonical\" href=\"https:\/\/hd-xxlprint.de\/en\/kontakt\/\" \/>\n<meta property=\"og:locale\" content=\"en_US\" \/>\n<meta property=\"og:type\" content=\"article\" \/>\n<meta property=\"og:title\" content=\"Kontakt - H&amp;D Digitaldruck\" \/>\n<meta property=\"og:description\" content=\"Ihr Weg zu uns KontaktZ\u00f6gern Sie nicht und kontaktieren Sie uns. Wir finden f\u00fcr (fast) alles eine L\u00f6sung. Egal, ob am Telefon, bei einem Kaffee oder ganz klassisch per E-Mail. Machen Sie den ersten Schritt und wir melden uns schnellstm\u00f6glich bei Ihnen.Schauen Sie gleich vorbei\u00a0 Virtueller RundgangAlternativ k\u00f6nnen Sie auch [&hellip;]\" \/>\n<meta property=\"og:url\" content=\"https:\/\/hd-xxlprint.de\/en\/kontakt\/\" \/>\n<meta property=\"og:site_name\" content=\"H&amp;D Digitaldruck\" \/>\n<meta property=\"article:modified_time\" content=\"2026-04-29T08:05:25+00:00\" \/>\n<meta name=\"twitter:card\" content=\"summary_large_image\" \/>\n<meta name=\"twitter:label1\" content=\"Est. reading time\" \/>\n\t<meta name=\"twitter:data1\" content=\"3 minutes\" \/>\n<script type=\"application\/ld+json\" class=\"yoast-schema-graph\">{\"@context\":\"https:\\\/\\\/schema.org\",\"@graph\":[{\"@type\":\"WebPage\",\"@id\":\"https:\\\/\\\/hd-xxlprint.de\\\/kontakt\\\/\",\"url\":\"https:\\\/\\\/hd-xxlprint.de\\\/kontakt\\\/\",\"name\":\"Kontakt - H&amp;D Digitaldruck\",\"isPartOf\":{\"@id\":\"https:\\\/\\\/hd-xxlprint.de\\\/#website\"},\"datePublished\":\"2022-07-04T10:00:56+00:00\",\"dateModified\":\"2026-04-29T08:05:25+00:00\",\"breadcrumb\":{\"@id\":\"https:\\\/\\\/hd-xxlprint.de\\\/kontakt\\\/#breadcrumb\"},\"inLanguage\":\"en-US\",\"potentialAction\":[{\"@type\":\"ReadAction\",\"target\":[\"https:\\\/\\\/hd-xxlprint.de\\\/kontakt\\\/\"]}]},{\"@type\":\"BreadcrumbList\",\"@id\":\"https:\\\/\\\/hd-xxlprint.de\\\/kontakt\\\/#breadcrumb\",\"itemListElement\":[{\"@type\":\"ListItem\",\"position\":1,\"name\":\"Startseite\",\"item\":\"https:\\\/\\\/hd-xxlprint.de\\\/\"},{\"@type\":\"ListItem\",\"position\":2,\"name\":\"Kontakt\"}]},{\"@type\":\"WebSite\",\"@id\":\"https:\\\/\\\/hd-xxlprint.de\\\/#website\",\"url\":\"https:\\\/\\\/hd-xxlprint.de\\\/\",\"name\":\"H&amp;D Digitaldruck\",\"description\":\"Mehr, als nur Digitaldruck\",\"potentialAction\":[{\"@type\":\"SearchAction\",\"target\":{\"@type\":\"EntryPoint\",\"urlTemplate\":\"https:\\\/\\\/hd-xxlprint.de\\\/?s={search_term_string}\"},\"query-input\":{\"@type\":\"PropertyValueSpecification\",\"valueRequired\":true,\"valueName\":\"search_term_string\"}}],\"inLanguage\":\"en-US\"}]}<\/script>\n<!-- \/ Yoast SEO plugin. -->","yoast_head_json":{"title":"Kontakt - H&amp;D Digitaldruck","robots":{"index":"index","follow":"follow","max-snippet":"max-snippet:-1","max-image-preview":"max-image-preview:large","max-video-preview":"max-video-preview:-1"},"canonical":"https:\/\/hd-xxlprint.de\/en\/kontakt\/","og_locale":"en_US","og_type":"article","og_title":"Kontakt - H&amp;D Digitaldruck","og_description":"Ihr Weg zu uns KontaktZ\u00f6gern Sie nicht und kontaktieren Sie uns. Wir finden f\u00fcr (fast) alles eine L\u00f6sung. Egal, ob am Telefon, bei einem Kaffee oder ganz klassisch per E-Mail. Machen Sie den ersten Schritt und wir melden uns schnellstm\u00f6glich bei Ihnen.Schauen Sie gleich vorbei\u00a0 Virtueller RundgangAlternativ k\u00f6nnen Sie auch [&hellip;]","og_url":"https:\/\/hd-xxlprint.de\/en\/kontakt\/","og_site_name":"H&amp;D Digitaldruck","article_modified_time":"2026-04-29T08:05:25+00:00","twitter_card":"summary_large_image","twitter_misc":{"Est. reading time":"3 minutes"},"schema":{"@context":"https:\/\/schema.org","@graph":[{"@type":"WebPage","@id":"https:\/\/hd-xxlprint.de\/kontakt\/","url":"https:\/\/hd-xxlprint.de\/kontakt\/","name":"Kontakt - H&amp;D Digitaldruck","isPartOf":{"@id":"https:\/\/hd-xxlprint.de\/#website"},"datePublished":"2022-07-04T10:00:56+00:00","dateModified":"2026-04-29T08:05:25+00:00","breadcrumb":{"@id":"https:\/\/hd-xxlprint.de\/kontakt\/#breadcrumb"},"inLanguage":"en-US","potentialAction":[{"@type":"ReadAction","target":["https:\/\/hd-xxlprint.de\/kontakt\/"]}]},{"@type":"BreadcrumbList","@id":"https:\/\/hd-xxlprint.de\/kontakt\/#breadcrumb","itemListElement":[{"@type":"ListItem","position":1,"name":"Startseite","item":"https:\/\/hd-xxlprint.de\/"},{"@type":"ListItem","position":2,"name":"Kontakt"}]},{"@type":"WebSite","@id":"https:\/\/hd-xxlprint.de\/#website","url":"https:\/\/hd-xxlprint.de\/","name":"H&amp;D Digitaldruck","description":"Mehr, als nur Digitaldruck","potentialAction":[{"@type":"SearchAction","target":{"@type":"EntryPoint","urlTemplate":"https:\/\/hd-xxlprint.de\/?s={search_term_string}"},"query-input":{"@type":"PropertyValueSpecification","valueRequired":true,"valueName":"search_term_string"}}],"inLanguage":"en-US"}]}},"_links":{"self":[{"href":"https:\/\/hd-xxlprint.de\/en\/wp-json\/wp\/v2\/pages\/1825","targetHints":{"allow":["GET"]}}],"collection":[{"href":"https:\/\/hd-xxlprint.de\/en\/wp-json\/wp\/v2\/pages"}],"about":[{"href":"https:\/\/hd-xxlprint.de\/en\/wp-json\/wp\/v2\/types\/page"}],"author":[{"embeddable":true,"href":"https:\/\/hd-xxlprint.de\/en\/wp-json\/wp\/v2\/users\/2"}],"replies":[{"embeddable":true,"href":"https:\/\/hd-xxlprint.de\/en\/wp-json\/wp\/v2\/comments?post=1825"}],"version-history":[{"count":19,"href":"https:\/\/hd-xxlprint.de\/en\/wp-json\/wp\/v2\/pages\/1825\/revisions"}],"predecessor-version":[{"id":3286,"href":"https:\/\/hd-xxlprint.de\/en\/wp-json\/wp\/v2\/pages\/1825\/revisions\/3286"}],"wp:attachment":[{"href":"https:\/\/hd-xxlprint.de\/en\/wp-json\/wp\/v2\/media?parent=1825"}],"curies":[{"name":"wp","href":"https:\/\/api.w.org\/{rel}","templated":true}]}}