{"id":1771,"date":"2022-06-29T15:02:34","date_gmt":"2022-06-29T13:02:34","guid":{"rendered":"https:\/\/hd-xxlprint.de\/?page_id=1771"},"modified":"2026-02-24T08:31:25","modified_gmt":"2026-02-24T07:31:25","slug":"datenhandling","status":"publish","type":"page","link":"https:\/\/hd-xxlprint.de\/en\/datenhandling\/","title":{"rendered":"Data Handling"},"content":{"rendered":"<p>[et_pb_section fb_built=&#8220;1&#8243; module_id=&#8220;werbetechnik&#8220; _builder_version=&#8220;4.17.4&#8243; _module_preset=&#8220;default&#8220; custom_margin=&#8220;0px||||false|false&#8220; custom_padding=&#8220;||||false|false&#8220; global_colors_info=&#8220;{}&#8220;][et_pb_row _builder_version=&#8220;4.17.4&#8243; _module_preset=&#8220;default&#8220; custom_margin=&#8220;||0px||false|false&#8220; custom_padding=&#8220;||0px||false|false&#8220; global_colors_info=&#8220;{}&#8220;][et_pb_column type=&#8220;4_4&#8243; _builder_version=&#8220;4.17.3&#8243; _module_preset=&#8220;default&#8220; global_colors_info=&#8220;{}&#8220;][et_pb_text _builder_version=&#8220;4.17.4&#8243; _module_preset=&#8220;2a58ed68-3482-4290-9ccb-abb91e5b525b&#8220; custom_margin=&#8220;||10px||false|false&#8220; global_colors_info=&#8220;{}&#8220;]<\/p>\n<h2>Hinweise zur Datenaufbereitung<\/h2>\n<h1>Datenhandling<\/h1>\n<p>[\/et_pb_text][et_pb_text _builder_version=&#8220;4.17.4&#8243; _module_preset=&#8220;2a58ed68-3482-4290-9ccb-abb91e5b525b&#8220; width=&#8220;70%&#8220; width_tablet=&#8220;90%&#8220; width_phone=&#8220;100%&#8220; width_last_edited=&#8220;on|phone&#8220; locked=&#8220;off&#8220; global_colors_info=&#8220;{}&#8220; width__hover_enabled=&#8220;off|desktop&#8220;]<\/p>\n<p>Viele Fragen lassen sich am Telefon kl\u00e4ren. Alles Restliche besprechen wir gerne im pers\u00f6nlichen Gespr\u00e4ch mit Ihnen. Entweder bei Ihnen vor Ort, oder bei uns in Karlsfeld bei einem Kaffee.<\/p>\n<p>Bei uns werden Sie von einem festen Ansprechpartner betreut, der Ihre Bed\u00fcrfnisse, W\u00fcnsche und Vorstellungen kennt und den \u00dcberblick beh\u00e4lt. So befinden sich immer alle notwendigen Informationen an einem Ort, was eine professionelle und nachhaltig erfolgreiche Zusammenarbeit gew\u00e4hrleistet.<\/p>\n<p>Nachfolgend finden Sie einige wichtige Anforderungen bzgl. Daten, die wir von Ihnen f\u00fcr die Umsetzung Ihrer Auftr\u00e4ge ben\u00f6tigen (<a href=\"https:\/\/hd-xxlprint.de\/wp-content\/uploads\/2026\/02\/HD-Druckdaten-Datenblatt_DE_2026.pdf\">hier als PDF<\/a>):<\/p>\n<p>[\/et_pb_text][\/et_pb_column][\/et_pb_row][et_pb_row column_structure=&#8220;1_2,1_2&#8243; _builder_version=&#8220;4.17.3&#8243; _module_preset=&#8220;default&#8220; global_colors_info=&#8220;{}&#8220;][et_pb_column type=&#8220;1_2&#8243; _builder_version=&#8220;4.17.3&#8243; _module_preset=&#8220;default&#8220; global_colors_info=&#8220;{}&#8220;][et_pb_toggle title=&#8220;Programme und Daten&#8220; open_toggle_text_color=&#8220;#282828&#8243; closed_toggle_background_color=&#8220;#FFFFFF&#8220; toggle_icon=&#8220;&#x3b;||divi||400&#8243; open_toggle_icon=&#8220;&#x3a;||divi||400&#8243; _builder_version=&#8220;4.27.4&#8243; _module_preset=&#8220;default&#8220; title_text_color=&#8220;#282828&#8243; title_font=&#8220;Strawford Bold||||||||&#8220; title_font_size=&#8220;20px&#8220; title_letter_spacing=&#8220;0.5px&#8220; title_line_height=&#8220;1.4em&#8220; closed_title_font=&#8220;Strawford Bold||||||||&#8220; body_font=&#8220;Strawford Regular||||||||&#8220; body_text_color=&#8220;#939598&#8243; custom_margin=&#8220;||20px||false|false&#8220; custom_padding=&#8220;25px|25px|25px|25px|false|false&#8220; global_colors_info=&#8220;{}&#8220;]<\/p>\n<ul>\n<li>Geeignet: InDesign, Photoshop, Illustrator und QuarkXPress<\/li>\n<li>Nicht geeignet: CorelDraw, PowerPoint, Excel, Word oder \u00e4hnliche Programme<\/li>\n<\/ul>\n<p>[\/et_pb_toggle][et_pb_toggle title=&#8220;Dateiformate&#8220; open_toggle_text_color=&#8220;#282828&#8243; closed_toggle_background_color=&#8220;#FFFFFF&#8220; toggle_icon=&#8220;&#x3b;||divi||400&#8243; open_toggle_icon=&#8220;&#x3a;||divi||400&#8243; _builder_version=&#8220;4.17.4&#8243; _module_preset=&#8220;default&#8220; title_text_color=&#8220;#282828&#8243; title_font=&#8220;Strawford Bold||||||||&#8220; title_font_size=&#8220;20px&#8220; title_letter_spacing=&#8220;0.5px&#8220; title_line_height=&#8220;1.4em&#8220; closed_title_font=&#8220;Strawford Bold||||||||&#8220; body_font=&#8220;Strawford Regular||||||||&#8220; body_text_color=&#8220;#939598&#8243; custom_margin=&#8220;||20px||false|false&#8220; custom_padding=&#8220;25px|25px|25px|25px|false|false&#8220; global_colors_info=&#8220;{}&#8220;]<\/p>\n<ul>\n<li>offene Layoutdokumente mit allen notwendigen Verknu\u0308pfungen und Schriften liefern bzw. Schriften in Pfade konvertiert<\/li>\n<li>PDF-Dateien ohne Transparenzreduzierung mit eingebetteten Schriften<\/li>\n<\/ul>\n<p>[\/et_pb_toggle][et_pb_toggle title=&#8220;Farben&#8220; open_toggle_text_color=&#8220;#282828&#8243; closed_toggle_background_color=&#8220;#FFFFFF&#8220; toggle_icon=&#8220;&#x3b;||divi||400&#8243; open_toggle_icon=&#8220;&#x3a;||divi||400&#8243; _builder_version=&#8220;4.17.4&#8243; _module_preset=&#8220;default&#8220; title_text_color=&#8220;#282828&#8243; title_font=&#8220;Strawford Bold||||||||&#8220; title_font_size=&#8220;20px&#8220; title_letter_spacing=&#8220;0.5px&#8220; title_line_height=&#8220;1.4em&#8220; closed_title_font=&#8220;Strawford Bold||||||||&#8220; body_font=&#8220;Strawford Regular||||||||&#8220; body_text_color=&#8220;#939598&#8243; custom_margin=&#8220;||20px||false|false&#8220; custom_padding=&#8220;25px|25px|25px|25px|false|false&#8220; global_colors_info=&#8220;{}&#8220;]<\/p>\n<ul>\n<li>alle Daten in CMYK anlegen<\/li>\n<li>Sonderfarben wie Pantone, HKS etc. in CMYK simulieren<\/li>\n<li>Daten, die im RGB-Modus angelegt sind, werden automatisch nach CMYK konvertiert<\/li>\n<li>Professionell erstellte Proofs in Zusammenhang mit einem Maschinenandruck stellen die beste Kontrollm\u00f6glichkeit fu\u0308r Farben dar<\/li>\n<li>zur Farbabstimmung mit Proof sind grunds\u00e4tzlich offene Daten notwendig<\/li>\n<li>Farblaser- und Tintenstrahlausdrucke fu\u0308r die Druckvorstufe ohne Kalibrierung sind als Farbvorgabe ungeeignet<\/li>\n<\/ul>\n<p>[\/et_pb_toggle][et_pb_toggle title=&#8220;Datenaufbau&#8220; open_toggle_text_color=&#8220;#282828&#8243; closed_toggle_background_color=&#8220;#FFFFFF&#8220; toggle_icon=&#8220;&#x3b;||divi||400&#8243; open_toggle_icon=&#8220;&#x3a;||divi||400&#8243; _builder_version=&#8220;4.17.4&#8243; _module_preset=&#8220;default&#8220; title_text_color=&#8220;#282828&#8243; title_font=&#8220;Strawford Bold||||||||&#8220; title_font_size=&#8220;20px&#8220; title_letter_spacing=&#8220;0.5px&#8220; title_line_height=&#8220;1.4em&#8220; closed_title_font=&#8220;Strawford Bold||||||||&#8220; body_font=&#8220;Strawford Regular||||||||&#8220; body_text_color=&#8220;#939598&#8243; custom_margin=&#8220;||20px||false|false&#8220; custom_padding=&#8220;25px|25px|25px|25px|false|false&#8220; global_colors_info=&#8220;{}&#8220;]<\/p>\n<ul>\n<li>Formate im Verh\u00e4ltnis 1:10 bzw. 1:1 anlegen<\/li>\n<li>jedes gew\u00fcnschte Motiv auf einer separaten Seite im bestellten Format anlegen<\/li>\n<li>bei mehreren Drucken im gleichen Format ein mehrseitiges Dokument anlegen<\/li>\n<li>bei Hohls\u00e4umen darauf achten, das Elemente wie z.B. Logos und Schriften weit genug vom Rand entfernt sind, damit die Hohlsaumnaht nicht durch diese hindurch l\u00e4uft<\/li>\n<li>bei Silikon-\/Gummilippe bitte mindestens 2 cm umlaufend Beschnitt anlegen<\/li>\n<li>beim Plattendirektdruck bitte 3 mm umlaufend Beschnitt anlegen<\/li>\n<li>wenn bedruckte S\u00e4ume gewu\u0308nscht sind (z.B. bei Fahnen), diese bitte nach Absprache anlegen<\/li>\n<li>wird das Produkt noch konturgeschnitten bzw. gefr\u00e4st, so legen Sie die zu schneidende Form als Konturlinie in einer Sonderfabe (Vollton) an und eindeutig benennen wie z.B. \u201eCutKontur\u201c<\/li>\n<li>Verl\u00e4ufe erscheinen glatter wenn sie in pixelorientierten Programmen wie z.B. Photoshop angelegt sind<\/li>\n<li>bei Verl\u00e4ufen aus vektorbasierten Programmen wie z.B.Illustrator kann es zu Abstufungen (ausreissen) des Verlaufs kommen<\/li>\n<\/ul>\n<p>[\/et_pb_toggle][\/et_pb_column][et_pb_column type=&#8220;1_2&#8243; _builder_version=&#8220;4.17.3&#8243; _module_preset=&#8220;default&#8220; global_colors_info=&#8220;{}&#8220;][et_pb_toggle title=&#8220;Folienplott&#8220; open_toggle_text_color=&#8220;#282828&#8243; closed_toggle_background_color=&#8220;#FFFFFF&#8220; toggle_icon=&#8220;&#x3b;||divi||400&#8243; open_toggle_icon=&#8220;&#x3a;||divi||400&#8243; _builder_version=&#8220;4.17.4&#8243; _module_preset=&#8220;default&#8220; title_text_color=&#8220;#282828&#8243; title_font=&#8220;Strawford Bold||||||||&#8220; title_font_size=&#8220;20px&#8220; title_letter_spacing=&#8220;0.5px&#8220; title_line_height=&#8220;1.4em&#8220; closed_title_font=&#8220;Strawford Bold||||||||&#8220; body_font=&#8220;Strawford Regular||||||||&#8220; body_text_color=&#8220;#939598&#8243; custom_margin=&#8220;||20px||false|false&#8220; custom_padding=&#8220;25px|25px|25px|25px|false|false&#8220; global_colors_info=&#8220;{}&#8220;]<\/p>\n<ul>\n<li>es k\u00f6nnen nur Vektorgrafiken geplottet werden<\/li>\n<li>Texte sind in Pfade zu konvertieren (keine doppelten Pfade)<\/li>\n<li>Strichst\u00e4rken in Konturen umwandeln<\/li>\n<li>kleinstm\u00f6gliche Versalh\u00f6he 10 mm (bei Serifenschriften mindestens 15 mm)<\/li>\n<\/ul>\n<p>[\/et_pb_toggle][et_pb_toggle title=&#8220;Aufl\u00f6sung&#8220; open_toggle_text_color=&#8220;#282828&#8243; closed_toggle_background_color=&#8220;#FFFFFF&#8220; toggle_icon=&#8220;&#x3b;||divi||400&#8243; open_toggle_icon=&#8220;&#x3a;||divi||400&#8243; _builder_version=&#8220;4.17.4&#8243; _module_preset=&#8220;default&#8220; title_text_color=&#8220;#282828&#8243; title_font=&#8220;Strawford Bold||||||||&#8220; title_font_size=&#8220;20px&#8220; title_letter_spacing=&#8220;0.5px&#8220; title_line_height=&#8220;1.4em&#8220; closed_title_font=&#8220;Strawford Bold||||||||&#8220; body_font=&#8220;Strawford Regular||||||||&#8220; body_text_color=&#8220;#939598&#8243; custom_margin=&#8220;||20px||false|false&#8220; custom_padding=&#8220;25px|25px|25px|25px|false|false&#8220; global_colors_info=&#8220;{}&#8220;]<\/p>\n<ul>\n<li>Kleinformatdrucke (kleiner als 5m\u00b2): bei einer Ausgabegr\u00f6\u00dfe von 1:1 mind. 70dpi, max. 120 dpi<\/li>\n<li>Grossformatdrucke (gr\u00f6\u00dfer als 5m\u00b2): bei einer Ausgabegr\u00f6\u00dfe von 1:1 mind. 50dpi, max. 80 dpi<\/li>\n<li>Fassadenbanner: bei einer Ausgabegr\u00f6\u00dfe von 1:1 ca. 20 bis 40 dpi<\/li>\n<\/ul>\n<p>[\/et_pb_toggle][et_pb_toggle title=&#8220;Daten\u00fcbertragung&#8220; open_toggle_text_color=&#8220;#282828&#8243; closed_toggle_background_color=&#8220;#FFFFFF&#8220; toggle_icon=&#8220;&#x3b;||divi||400&#8243; open_toggle_icon=&#8220;&#x3a;||divi||400&#8243; _builder_version=&#8220;4.17.4&#8243; _module_preset=&#8220;default&#8220; title_text_color=&#8220;#282828&#8243; title_font=&#8220;Strawford Bold||||||||&#8220; title_font_size=&#8220;20px&#8220; title_letter_spacing=&#8220;0.5px&#8220; title_line_height=&#8220;1.4em&#8220; closed_title_font=&#8220;Strawford Bold||||||||&#8220; body_font=&#8220;Strawford Regular||||||||&#8220; body_text_color=&#8220;#939598&#8243; custom_margin=&#8220;||20px||false|false&#8220; custom_padding=&#8220;25px|25px|25px|25px|false|false&#8220; global_colors_info=&#8220;{}&#8220;]<\/p>\n<ul>\n<li>E-Mail: Daten bis 10 MB bitte an: <a href=\"mailto:ftp@hd-xxlprint.de\">ftp@hd-xxlprint.de<\/a><\/li>\n<li>FTP: bitte als gepackte zip-Datei ablegen. Ordnerbezeichnung: \u201eAuftraggeber_Kommision.zip\u201c Zugangsdaten bitte von Ihrem zust\u00e4ndigen Kundenberater erfragen<\/li>\n<li>Speichermedien: CD, DVD oder USB-Stick<\/li>\n<\/ul>\n<p>[\/et_pb_toggle][et_pb_toggle title=&#8220;Kundendaten und Proofs&#8220; open_toggle_text_color=&#8220;#282828&#8243; closed_toggle_background_color=&#8220;#FFFFFF&#8220; toggle_icon=&#8220;&#x3b;||divi||400&#8243; open_toggle_icon=&#8220;&#x3a;||divi||400&#8243; _builder_version=&#8220;4.17.4&#8243; _module_preset=&#8220;default&#8220; title_text_color=&#8220;#282828&#8243; title_font=&#8220;Strawford Bold||||||||&#8220; title_font_size=&#8220;20px&#8220; title_letter_spacing=&#8220;0.5px&#8220; title_line_height=&#8220;1.4em&#8220; closed_title_font=&#8220;Strawford Bold||||||||&#8220; body_font=&#8220;Strawford Regular||||||||&#8220; body_text_color=&#8220;#939598&#8243; custom_margin=&#8220;||20px||false|false&#8220; custom_padding=&#8220;25px|25px|25px|25px|false|false&#8220; global_colors_info=&#8220;{}&#8220;]<\/p>\n<ul>\n<li>diese werden nur nach Absprache zuru\u0308ckgesendet, andernfalls werden diese nach ca. 4 Wochen unentgeltlich entsorgt<\/li>\n<\/ul>\n<p>[\/et_pb_toggle][\/et_pb_column][\/et_pb_row][\/et_pb_section]<\/p>\n","protected":false},"excerpt":{"rendered":"<p>Hinweise zur Datenaufbereitung DatenhandlingViele Fragen lassen sich am Telefon kl\u00e4ren. Alles Restliche besprechen wir gerne im pers\u00f6nlichen Gespr\u00e4ch mit Ihnen. Entweder bei Ihnen vor Ort, oder bei uns in Karlsfeld bei einem Kaffee. Bei uns werden Sie von einem festen Ansprechpartner betreut, der Ihre Bed\u00fcrfnisse, W\u00fcnsche und Vorstellungen kennt und den \u00dcberblick beh\u00e4lt. So befinden [&hellip;]<\/p>\n","protected":false},"author":2,"featured_media":0,"parent":0,"menu_order":0,"comment_status":"closed","ping_status":"closed","template":"","meta":{"_et_pb_use_builder":"on","_et_pb_old_content":"","_et_gb_content_width":"","footnotes":""},"class_list":["post-1771","page","type-page","status-publish","hentry"],"yoast_head":"<!-- This site is optimized with the Yoast SEO plugin v27.6 - https:\/\/yoast.com\/product\/yoast-seo-wordpress\/ -->\n<title>Datenhandling - H&amp;D Digitaldruck<\/title>\n<meta name=\"robots\" content=\"index, follow, max-snippet:-1, max-image-preview:large, max-video-preview:-1\" \/>\n<link rel=\"canonical\" href=\"https:\/\/hd-xxlprint.de\/en\/datenhandling\/\" \/>\n<meta property=\"og:locale\" content=\"en_US\" \/>\n<meta property=\"og:type\" content=\"article\" \/>\n<meta property=\"og:title\" content=\"Datenhandling - H&amp;D Digitaldruck\" \/>\n<meta property=\"og:description\" content=\"Hinweise zur Datenaufbereitung DatenhandlingViele Fragen lassen sich am Telefon kl\u00e4ren. Alles Restliche besprechen wir gerne im pers\u00f6nlichen Gespr\u00e4ch mit Ihnen. Entweder bei Ihnen vor Ort, oder bei uns in Karlsfeld bei einem Kaffee. Bei uns werden Sie von einem festen Ansprechpartner betreut, der Ihre Bed\u00fcrfnisse, W\u00fcnsche und Vorstellungen kennt und den \u00dcberblick beh\u00e4lt. So befinden [&hellip;]\" \/>\n<meta property=\"og:url\" content=\"https:\/\/hd-xxlprint.de\/en\/datenhandling\/\" \/>\n<meta property=\"og:site_name\" content=\"H&amp;D Digitaldruck\" \/>\n<meta property=\"article:modified_time\" content=\"2026-02-24T07:31:25+00:00\" \/>\n<meta name=\"twitter:card\" content=\"summary_large_image\" \/>\n<meta name=\"twitter:label1\" content=\"Est. reading time\" \/>\n\t<meta name=\"twitter:data1\" content=\"6 minutes\" \/>\n<script type=\"application\/ld+json\" class=\"yoast-schema-graph\">{\"@context\":\"https:\\\/\\\/schema.org\",\"@graph\":[{\"@type\":\"WebPage\",\"@id\":\"https:\\\/\\\/hd-xxlprint.de\\\/datenhandling\\\/\",\"url\":\"https:\\\/\\\/hd-xxlprint.de\\\/datenhandling\\\/\",\"name\":\"Datenhandling - H&amp;D Digitaldruck\",\"isPartOf\":{\"@id\":\"https:\\\/\\\/hd-xxlprint.de\\\/#website\"},\"datePublished\":\"2022-06-29T13:02:34+00:00\",\"dateModified\":\"2026-02-24T07:31:25+00:00\",\"breadcrumb\":{\"@id\":\"https:\\\/\\\/hd-xxlprint.de\\\/datenhandling\\\/#breadcrumb\"},\"inLanguage\":\"en-US\",\"potentialAction\":[{\"@type\":\"ReadAction\",\"target\":[\"https:\\\/\\\/hd-xxlprint.de\\\/datenhandling\\\/\"]}]},{\"@type\":\"BreadcrumbList\",\"@id\":\"https:\\\/\\\/hd-xxlprint.de\\\/datenhandling\\\/#breadcrumb\",\"itemListElement\":[{\"@type\":\"ListItem\",\"position\":1,\"name\":\"Startseite\",\"item\":\"https:\\\/\\\/hd-xxlprint.de\\\/\"},{\"@type\":\"ListItem\",\"position\":2,\"name\":\"Datenhandling\"}]},{\"@type\":\"WebSite\",\"@id\":\"https:\\\/\\\/hd-xxlprint.de\\\/#website\",\"url\":\"https:\\\/\\\/hd-xxlprint.de\\\/\",\"name\":\"H&amp;D Digitaldruck\",\"description\":\"Mehr, als nur Digitaldruck\",\"potentialAction\":[{\"@type\":\"SearchAction\",\"target\":{\"@type\":\"EntryPoint\",\"urlTemplate\":\"https:\\\/\\\/hd-xxlprint.de\\\/?s={search_term_string}\"},\"query-input\":{\"@type\":\"PropertyValueSpecification\",\"valueRequired\":true,\"valueName\":\"search_term_string\"}}],\"inLanguage\":\"en-US\"}]}<\/script>\n<!-- \/ Yoast SEO plugin. -->","yoast_head_json":{"title":"Datenhandling - H&amp;D Digitaldruck","robots":{"index":"index","follow":"follow","max-snippet":"max-snippet:-1","max-image-preview":"max-image-preview:large","max-video-preview":"max-video-preview:-1"},"canonical":"https:\/\/hd-xxlprint.de\/en\/datenhandling\/","og_locale":"en_US","og_type":"article","og_title":"Datenhandling - H&amp;D Digitaldruck","og_description":"Hinweise zur Datenaufbereitung DatenhandlingViele Fragen lassen sich am Telefon kl\u00e4ren. Alles Restliche besprechen wir gerne im pers\u00f6nlichen Gespr\u00e4ch mit Ihnen. Entweder bei Ihnen vor Ort, oder bei uns in Karlsfeld bei einem Kaffee. Bei uns werden Sie von einem festen Ansprechpartner betreut, der Ihre Bed\u00fcrfnisse, W\u00fcnsche und Vorstellungen kennt und den \u00dcberblick beh\u00e4lt. So befinden [&hellip;]","og_url":"https:\/\/hd-xxlprint.de\/en\/datenhandling\/","og_site_name":"H&amp;D Digitaldruck","article_modified_time":"2026-02-24T07:31:25+00:00","twitter_card":"summary_large_image","twitter_misc":{"Est. reading time":"6 minutes"},"schema":{"@context":"https:\/\/schema.org","@graph":[{"@type":"WebPage","@id":"https:\/\/hd-xxlprint.de\/datenhandling\/","url":"https:\/\/hd-xxlprint.de\/datenhandling\/","name":"Datenhandling - H&amp;D Digitaldruck","isPartOf":{"@id":"https:\/\/hd-xxlprint.de\/#website"},"datePublished":"2022-06-29T13:02:34+00:00","dateModified":"2026-02-24T07:31:25+00:00","breadcrumb":{"@id":"https:\/\/hd-xxlprint.de\/datenhandling\/#breadcrumb"},"inLanguage":"en-US","potentialAction":[{"@type":"ReadAction","target":["https:\/\/hd-xxlprint.de\/datenhandling\/"]}]},{"@type":"BreadcrumbList","@id":"https:\/\/hd-xxlprint.de\/datenhandling\/#breadcrumb","itemListElement":[{"@type":"ListItem","position":1,"name":"Startseite","item":"https:\/\/hd-xxlprint.de\/"},{"@type":"ListItem","position":2,"name":"Datenhandling"}]},{"@type":"WebSite","@id":"https:\/\/hd-xxlprint.de\/#website","url":"https:\/\/hd-xxlprint.de\/","name":"H&amp;D Digitaldruck","description":"Mehr, als nur Digitaldruck","potentialAction":[{"@type":"SearchAction","target":{"@type":"EntryPoint","urlTemplate":"https:\/\/hd-xxlprint.de\/?s={search_term_string}"},"query-input":{"@type":"PropertyValueSpecification","valueRequired":true,"valueName":"search_term_string"}}],"inLanguage":"en-US"}]}},"_links":{"self":[{"href":"https:\/\/hd-xxlprint.de\/en\/wp-json\/wp\/v2\/pages\/1771","targetHints":{"allow":["GET"]}}],"collection":[{"href":"https:\/\/hd-xxlprint.de\/en\/wp-json\/wp\/v2\/pages"}],"about":[{"href":"https:\/\/hd-xxlprint.de\/en\/wp-json\/wp\/v2\/types\/page"}],"author":[{"embeddable":true,"href":"https:\/\/hd-xxlprint.de\/en\/wp-json\/wp\/v2\/users\/2"}],"replies":[{"embeddable":true,"href":"https:\/\/hd-xxlprint.de\/en\/wp-json\/wp\/v2\/comments?post=1771"}],"version-history":[{"count":9,"href":"https:\/\/hd-xxlprint.de\/en\/wp-json\/wp\/v2\/pages\/1771\/revisions"}],"predecessor-version":[{"id":3254,"href":"https:\/\/hd-xxlprint.de\/en\/wp-json\/wp\/v2\/pages\/1771\/revisions\/3254"}],"wp:attachment":[{"href":"https:\/\/hd-xxlprint.de\/en\/wp-json\/wp\/v2\/media?parent=1771"}],"curies":[{"name":"wp","href":"https:\/\/api.w.org\/{rel}","templated":true}]}}