{"id":1615,"date":"2022-06-22T11:17:39","date_gmt":"2022-06-22T09:17:39","guid":{"rendered":"https:\/\/hd-xxlprint.de\/?page_id=1615"},"modified":"2025-08-11T12:27:54","modified_gmt":"2025-08-11T10:27:54","slug":"xxl-aussenwerbung","status":"publish","type":"page","link":"https:\/\/hd-xxlprint.de\/en\/xxl-aussenwerbung\/","title":{"rendered":"XXL Outdoor Advertising"},"content":{"rendered":"<p>[et_pb_section fb_built=&#8220;1&#8243; module_id=&#8220;werbetechnik&#8220; _builder_version=&#8220;4.17.4&#8243; _module_preset=&#8220;default&#8220; custom_margin=&#8220;0px||||false|false&#8220; custom_padding=&#8220;||||false|false&#8220; global_colors_info=&#8220;{}&#8220;][et_pb_row column_structure=&#8220;3_5,2_5&#8243; _builder_version=&#8220;4.17.3&#8243; _module_preset=&#8220;default&#8220; global_colors_info=&#8220;{}&#8220;][et_pb_column type=&#8220;3_5&#8243; _builder_version=&#8220;4.17.3&#8243; _module_preset=&#8220;default&#8220; global_colors_info=&#8220;{}&#8220;][et_pb_text _builder_version=&#8220;4.17.4&#8243; _module_preset=&#8220;2a58ed68-3482-4290-9ccb-abb91e5b525b&#8220; custom_margin=&#8220;||10px||false|false&#8220; global_colors_info=&#8220;{}&#8220;]<\/p>\n<h2>XXL-Druck<\/h2>\n<h1>XXL-Au\u00dfenwerbung<\/h1>\n<p>[\/et_pb_text][et_pb_text disabled_on=&#8220;off|off|off&#8220; _builder_version=&#8220;4.17.4&#8243; _module_preset=&#8220;2a58ed68-3482-4290-9ccb-abb91e5b525b&#8220; width_tablet=&#8220;90%&#8220; width_phone=&#8220;100%&#8220; width_last_edited=&#8220;on|desktop&#8220; global_colors_info=&#8220;{}&#8220; width__hover_enabled=&#8220;off|desktop&#8220;]<\/p>\n<p>Das ist H&amp;D Digitaldruck: Immer Ihre Zielgruppe erreichen. Genau da, wo sie unterwegs ist. Die M\u00f6glichkeiten daf\u00fcr sind unz\u00e4hlig, ob textile (Gro\u00df-)Bilder f\u00fcr Messe- oder Ladenbau, Klebefolien f\u00fcr jeden Einsatzbereich oder Leuchtk\u00e4sten f\u00fcr das gewisse Extra. Vielleicht ist auch die klassische Schaufensterwerbung die perfekte L\u00f6sung, um Ihre potentiellen Kunden anzusprechen.<\/p>\n<p>Lassen Sie uns gemeinsam neue M\u00f6glichkeiten und Wege finden, Ihre Werbebotschaft gekonnt und auff\u00e4llig in Szene setzen.<\/p>\n<p>[\/et_pb_text][et_pb_toggle title=&#8220;Unsere Leistungen umfassen unter anderem&#8220; open_toggle_text_color=&#8220;#282828&#8243; closed_toggle_background_color=&#8220;#FFFFFF&#8220; toggle_icon=&#8220;&#x3b;||divi||400&#8243; open_toggle_icon=&#8220;&#x3a;||divi||400&#8243; _builder_version=&#8220;4.17.4&#8243; _module_preset=&#8220;default&#8220; title_text_color=&#8220;#282828&#8243; title_font=&#8220;Strawford Bold||||||||&#8220; title_font_size=&#8220;20px&#8220; title_letter_spacing=&#8220;0.5px&#8220; title_line_height=&#8220;1.4em&#8220; body_font=&#8220;Strawford Regular||||||||&#8220; body_text_color=&#8220;#939598&#8243; custom_padding=&#8220;25px|25px|25px|25px|false|false&#8220; global_colors_info=&#8220;{}&#8220; closed_title_font=&#8220;Strawford Bold||||||||&#8220;]<\/p>\n<ul>\n<li>PVC-Planen und Netz-Planen (dank unserer Hochfrequenzschwei\u00dfanlage sind dem Endformat kaum Grenzen gesetzt)<\/li>\n<li>textile Gro\u00dfbilder f\u00fcr den Messe- und Ladenbau inkl. Rahmen- oder Aufh\u00e4ngel\u00f6sungen<\/li>\n<li>Fassadenbanner, auf Wunsch mit Montage von Unterkonstruktion bzw. Spannrahmen<\/li>\n<li>Klebefolien in verschiedensten Ausf\u00fchrungen f\u00fcr jeden Einsatzbereich, auch inkl. Verklebearbeiten<\/li>\n<li>Leuchtk\u00e4sten und 3D-LED-Schriftz\u00fcge mit homogener Ausleuchtung der Motive<\/li>\n<li>diverse Arten von Au\u00dfenfahnen \u2013 als Hiss- oder Auslegerfahne, ein- oder beidseitig bedruckt, mit freiem Format nach Ihren Vorgaben<\/li>\n<\/ul>\n<p>[\/et_pb_toggle][\/et_pb_column][et_pb_column type=&#8220;2_5&#8243; _builder_version=&#8220;4.17.3&#8243; _module_preset=&#8220;default&#8220; global_colors_info=&#8220;{}&#8220;][et_pb_image src=&#8220;https:\/\/hd-xxlprint.de\/wp-content\/uploads\/2022\/06\/werbetechnik-aussenwerbung.png&#8220; title_text=&#8220;werbetechnik-aussenwerbung&#8220; _builder_version=&#8220;4.17.4&#8243; _module_preset=&#8220;default&#8220; global_colors_info=&#8220;{}&#8220;][\/et_pb_image][\/et_pb_column][\/et_pb_row][et_pb_row disabled_on=&#8220;off|off|on&#8220; _builder_version=&#8220;4.17.4&#8243; _module_preset=&#8220;default&#8220; locked=&#8220;off&#8220; global_colors_info=&#8220;{}&#8220;][et_pb_column type=&#8220;4_4&#8243; _builder_version=&#8220;4.17.4&#8243; _module_preset=&#8220;default&#8220; global_colors_info=&#8220;{}&#8220;][et_pb_gallery gallery_ids=&#8220;2498,2497,2496,2495,2494,2607,2608,2609,2610,2611,2612,2613&#8243; fullwidth=&#8220;on&#8220; module_class=&#8220;lwp-arrow-color&#8220; _builder_version=&#8220;4.24.0&#8243; _module_preset=&#8220;default&#8220; global_colors_info=&#8220;{}&#8220;][\/et_pb_gallery][\/et_pb_column][\/et_pb_row][et_pb_row column_structure=&#8220;1_3,1_3,1_3&#8243; use_custom_gutter=&#8220;on&#8220; disabled_on=&#8220;on|on|off&#8220; _builder_version=&#8220;4.24.0&#8243; _module_preset=&#8220;default&#8220; custom_margin=&#8220;|||&#8220; custom_padding=&#8220;|||&#8220; use_custom_width=&#8220;on&#8220; custom_width_px=&#8220;1280px&#8220; locked=&#8220;off&#8220; global_colors_info=&#8220;{}&#8220;][et_pb_column type=&#8220;1_3&#8243; _builder_version=&#8220;4.16&#8243; _module_preset=&#8220;default&#8220; custom_padding=&#8220;|||&#8220; global_colors_info=&#8220;{}&#8220; custom_padding__hover=&#8220;|||&#8220;][et_pb_image src=&#8220;https:\/\/hd-xxlprint.de\/wp-content\/uploads\/2024\/03\/Leistungen-XXL-Aussenwerbung-01.jpg&#8220; title_text=&#8220;Leistungen &#8211; XXL-Au\u00dfenwerbung &#8211; 01&#8243; show_in_lightbox=&#8220;on&#8220; use_overlay=&#8220;on&#8220; overlay_icon_color=&#8220;rgba(0,0,0,0.22)&#8220; hover_overlay_color=&#8220;rgba(255,255,255,0.29)&#8220; align_tablet=&#8220;center&#8220; align_phone=&#8220;center&#8220; align_last_edited=&#8220;on|desktop&#8220; _builder_version=&#8220;4.24.0&#8243; _module_preset=&#8220;default&#8220; custom_margin=&#8220;||15%|&#8220; animation_style=&#8220;slide&#8220; animation_direction=&#8220;bottom&#8220; animation_intensity_slide=&#8220;4%&#8220; global_colors_info=&#8220;{}&#8220;][\/et_pb_image][et_pb_image src=&#8220;https:\/\/hd-xxlprint.de\/wp-content\/uploads\/2024\/03\/Leistungen-XXL-Aussenwerbung-02.jpg&#8220; title_text=&#8220;Leistungen &#8211; XXL-Au\u00dfenwerbung &#8211; 02&#8243; show_in_lightbox=&#8220;on&#8220; use_overlay=&#8220;on&#8220; overlay_icon_color=&#8220;rgba(0,0,0,0.22)&#8220; hover_overlay_color=&#8220;rgba(255,255,255,0.29)&#8220; align_tablet=&#8220;center&#8220; align_phone=&#8220;center&#8220; align_last_edited=&#8220;on|desktop&#8220; _builder_version=&#8220;4.24.0&#8243; _module_preset=&#8220;default&#8220; custom_margin=&#8220;||15%|&#8220; animation_style=&#8220;slide&#8220; animation_direction=&#8220;bottom&#8220; animation_intensity_slide=&#8220;4%&#8220; locked=&#8220;off&#8220; global_colors_info=&#8220;{}&#8220;][\/et_pb_image][et_pb_image src=&#8220;https:\/\/hd-xxlprint.de\/wp-content\/uploads\/2024\/03\/Leistungen-XXL-Aussenwerbung-12.jpg&#8220; title_text=&#8220;Leistungen &#8211; XXL-Au\u00dfenwerbung &#8211; 12&#8243; show_in_lightbox=&#8220;on&#8220; use_overlay=&#8220;on&#8220; overlay_icon_color=&#8220;rgba(0,0,0,0.22)&#8220; hover_overlay_color=&#8220;rgba(255,255,255,0.29)&#8220; align_tablet=&#8220;center&#8220; align_phone=&#8220;center&#8220; align_last_edited=&#8220;on|desktop&#8220; _builder_version=&#8220;4.24.0&#8243; _module_preset=&#8220;default&#8220; custom_margin=&#8220;||15%|&#8220; animation_style=&#8220;slide&#8220; animation_direction=&#8220;bottom&#8220; animation_intensity_slide=&#8220;4%&#8220; locked=&#8220;off&#8220; global_colors_info=&#8220;{}&#8220;][\/et_pb_image][et_pb_image src=&#8220;https:\/\/hd-xxlprint.de\/wp-content\/uploads\/2024\/03\/Leistungen-XXL-Aussenwerbung-11.jpg&#8220; title_text=&#8220;Leistungen &#8211; XXL-Au\u00dfenwerbung &#8211; 11&#8243; show_in_lightbox=&#8220;on&#8220; use_overlay=&#8220;on&#8220; overlay_icon_color=&#8220;rgba(0,0,0,0.22)&#8220; hover_overlay_color=&#8220;rgba(255,255,255,0.29)&#8220; align_tablet=&#8220;center&#8220; align_phone=&#8220;center&#8220; align_last_edited=&#8220;on|desktop&#8220; _builder_version=&#8220;4.24.0&#8243; _module_preset=&#8220;default&#8220; custom_margin=&#8220;||15%|&#8220; animation_style=&#8220;slide&#8220; animation_direction=&#8220;bottom&#8220; animation_intensity_slide=&#8220;4%&#8220; locked=&#8220;off&#8220; global_colors_info=&#8220;{}&#8220;][\/et_pb_image][et_pb_image src=&#8220;https:\/\/hd-xxlprint.de\/wp-content\/uploads\/2024\/03\/Leistungen-XXL-Aussenwerbung-10-scaled.jpg&#8220; title_text=&#8220;Leistungen &#8211; XXL-Au\u00dfenwerbung &#8211; 10&#8243; show_in_lightbox=&#8220;on&#8220; use_overlay=&#8220;on&#8220; overlay_icon_color=&#8220;rgba(0,0,0,0.22)&#8220; hover_overlay_color=&#8220;rgba(255,255,255,0.29)&#8220; align_tablet=&#8220;center&#8220; align_phone=&#8220;center&#8220; align_last_edited=&#8220;on|desktop&#8220; _builder_version=&#8220;4.24.0&#8243; _module_preset=&#8220;default&#8220; custom_margin=&#8220;||15%|&#8220; animation_style=&#8220;slide&#8220; animation_direction=&#8220;bottom&#8220; animation_intensity_slide=&#8220;4%&#8220; locked=&#8220;off&#8220; global_colors_info=&#8220;{}&#8220;][\/et_pb_image][\/et_pb_column][et_pb_column type=&#8220;1_3&#8243; _builder_version=&#8220;4.16&#8243; _module_preset=&#8220;default&#8220; custom_padding=&#8220;|||&#8220; global_colors_info=&#8220;{}&#8220; custom_padding__hover=&#8220;|||&#8220;][et_pb_image src=&#8220;https:\/\/hd-xxlprint.de\/wp-content\/uploads\/2024\/03\/Leistungen-XXL-Aussenwerbung-05.jpg&#8220; title_text=&#8220;Leistungen &#8211; XXL-Au\u00dfenwerbung &#8211; 05&#8243; show_in_lightbox=&#8220;on&#8220; use_overlay=&#8220;on&#8220; overlay_icon_color=&#8220;rgba(0,0,0,0.22)&#8220; hover_overlay_color=&#8220;rgba(255,255,255,0.29)&#8220; align_tablet=&#8220;center&#8220; align_phone=&#8220;center&#8220; align_last_edited=&#8220;on|desktop&#8220; _builder_version=&#8220;4.24.0&#8243; _module_preset=&#8220;default&#8220; custom_margin=&#8220;||15%|&#8220; animation_style=&#8220;slide&#8220; animation_direction=&#8220;bottom&#8220; animation_intensity_slide=&#8220;4%&#8220; locked=&#8220;off&#8220; global_colors_info=&#8220;{}&#8220;][\/et_pb_image][et_pb_image src=&#8220;https:\/\/hd-xxlprint.de\/wp-content\/uploads\/2024\/03\/Leistungen-XXL-Aussenwerbung-04.jpg&#8220; title_text=&#8220;Leistungen &#8211; XXL-Au\u00dfenwerbung &#8211; 04&#8243; show_in_lightbox=&#8220;on&#8220; use_overlay=&#8220;on&#8220; overlay_icon_color=&#8220;rgba(0,0,0,0.22)&#8220; hover_overlay_color=&#8220;rgba(255,255,255,0.29)&#8220; align_tablet=&#8220;center&#8220; align_phone=&#8220;center&#8220; align_last_edited=&#8220;on|desktop&#8220; _builder_version=&#8220;4.24.0&#8243; _module_preset=&#8220;default&#8220; custom_margin=&#8220;||15%|&#8220; animation_style=&#8220;slide&#8220; animation_direction=&#8220;bottom&#8220; animation_intensity_slide=&#8220;4%&#8220; locked=&#8220;off&#8220; global_colors_info=&#8220;{}&#8220;][\/et_pb_image][et_pb_image src=&#8220;https:\/\/hd-xxlprint.de\/wp-content\/uploads\/2024\/03\/Leistungen-XXL-Aussenwerbung-09.jpg&#8220; title_text=&#8220;Leistungen &#8211; XXL-Au\u00dfenwerbung &#8211; 09&#8243; show_in_lightbox=&#8220;on&#8220; use_overlay=&#8220;on&#8220; overlay_icon_color=&#8220;rgba(0,0,0,0.22)&#8220; hover_overlay_color=&#8220;rgba(255,255,255,0.29)&#8220; align_tablet=&#8220;center&#8220; align_phone=&#8220;center&#8220; align_last_edited=&#8220;on|desktop&#8220; _builder_version=&#8220;4.24.0&#8243; _module_preset=&#8220;default&#8220; custom_margin=&#8220;||15%|&#8220; animation_style=&#8220;slide&#8220; animation_direction=&#8220;bottom&#8220; animation_intensity_slide=&#8220;4%&#8220; locked=&#8220;off&#8220; global_colors_info=&#8220;{}&#8220;][\/et_pb_image][et_pb_image src=&#8220;https:\/\/hd-xxlprint.de\/wp-content\/uploads\/2024\/03\/Leistungen-XXL-Aussenwerbung-08.jpg&#8220; title_text=&#8220;Leistungen &#8211; XXL-Au\u00dfenwerbung &#8211; 08&#8243; show_in_lightbox=&#8220;on&#8220; use_overlay=&#8220;on&#8220; overlay_icon_color=&#8220;rgba(0,0,0,0.22)&#8220; hover_overlay_color=&#8220;rgba(255,255,255,0.29)&#8220; align_tablet=&#8220;center&#8220; align_phone=&#8220;center&#8220; align_last_edited=&#8220;on|desktop&#8220; _builder_version=&#8220;4.24.0&#8243; _module_preset=&#8220;default&#8220; custom_margin=&#8220;||15%|&#8220; animation_style=&#8220;slide&#8220; animation_direction=&#8220;bottom&#8220; animation_intensity_slide=&#8220;4%&#8220; locked=&#8220;off&#8220; global_colors_info=&#8220;{}&#8220;][\/et_pb_image][\/et_pb_column][et_pb_column type=&#8220;1_3&#8243; _builder_version=&#8220;4.16&#8243; _module_preset=&#8220;default&#8220; custom_padding=&#8220;|||&#8220; global_colors_info=&#8220;{}&#8220; custom_padding__hover=&#8220;|||&#8220;][et_pb_image src=&#8220;https:\/\/hd-xxlprint.de\/wp-content\/uploads\/2024\/03\/Leistungen-XXL-Aussenwerbung-03.jpg&#8220; title_text=&#8220;Leistungen &#8211; XXL-Au\u00dfenwerbung &#8211; 03&#8243; show_in_lightbox=&#8220;on&#8220; use_overlay=&#8220;on&#8220; overlay_icon_color=&#8220;rgba(0,0,0,0.22)&#8220; hover_overlay_color=&#8220;rgba(255,255,255,0.29)&#8220; align_tablet=&#8220;center&#8220; align_phone=&#8220;center&#8220; align_last_edited=&#8220;on|desktop&#8220; _builder_version=&#8220;4.24.0&#8243; _module_preset=&#8220;default&#8220; custom_margin=&#8220;||15%|&#8220; animation_style=&#8220;slide&#8220; animation_direction=&#8220;bottom&#8220; animation_intensity_slide=&#8220;4%&#8220; locked=&#8220;off&#8220; global_colors_info=&#8220;{}&#8220;][\/et_pb_image][et_pb_image src=&#8220;https:\/\/hd-xxlprint.de\/wp-content\/uploads\/2024\/03\/Leistungen-XXL-Aussenwerbung-07.jpg&#8220; title_text=&#8220;Leistungen &#8211; XXL-Au\u00dfenwerbung &#8211; 07&#8243; show_in_lightbox=&#8220;on&#8220; use_overlay=&#8220;on&#8220; overlay_icon_color=&#8220;rgba(0,0,0,0.22)&#8220; hover_overlay_color=&#8220;rgba(255,255,255,0.29)&#8220; align_tablet=&#8220;center&#8220; align_phone=&#8220;center&#8220; align_last_edited=&#8220;on|desktop&#8220; _builder_version=&#8220;4.24.0&#8243; _module_preset=&#8220;default&#8220; custom_margin=&#8220;||15%|&#8220; animation_style=&#8220;slide&#8220; animation_direction=&#8220;bottom&#8220; animation_intensity_slide=&#8220;4%&#8220; locked=&#8220;off&#8220; global_colors_info=&#8220;{}&#8220;][\/et_pb_image][et_pb_image src=&#8220;https:\/\/hd-xxlprint.de\/wp-content\/uploads\/2024\/03\/Leistungen-XXL-Aussenwerbung-06.jpg&#8220; title_text=&#8220;Leistungen &#8211; XXL-Au\u00dfenwerbung &#8211; 06&#8243; show_in_lightbox=&#8220;on&#8220; use_overlay=&#8220;on&#8220; overlay_icon_color=&#8220;rgba(0,0,0,0.22)&#8220; hover_overlay_color=&#8220;rgba(255,255,255,0.29)&#8220; align_tablet=&#8220;center&#8220; align_phone=&#8220;center&#8220; align_last_edited=&#8220;on|desktop&#8220; _builder_version=&#8220;4.24.0&#8243; _module_preset=&#8220;default&#8220; custom_margin=&#8220;||15%|&#8220; animation_style=&#8220;slide&#8220; animation_direction=&#8220;bottom&#8220; animation_intensity_slide=&#8220;4%&#8220; locked=&#8220;off&#8220; global_colors_info=&#8220;{}&#8220;][\/et_pb_image][\/et_pb_column][\/et_pb_row][\/et_pb_section][et_pb_section fb_built=&#8220;1&#8243; admin_label=&#8220;Trenner&#8220; _builder_version=&#8220;4.24.0&#8243; _module_preset=&#8220;default&#8220; background_image=&#8220;https:\/\/hd-xxlprint.de\/wp-content\/uploads\/2024\/01\/Trenner-1-scaled.jpg&#8220; parallax=&#8220;on&#8220; locked=&#8220;off&#8220; global_colors_info=&#8220;{}&#8220;][et_pb_row make_equal=&#8220;on&#8220; _builder_version=&#8220;4.21.0&#8243; _module_preset=&#8220;default&#8220; custom_margin=&#8220;10px||10px||false|false&#8220; global_colors_info=&#8220;{}&#8220;][et_pb_column type=&#8220;4_4&#8243; _builder_version=&#8220;4.21.0&#8243; _module_preset=&#8220;default&#8220; global_colors_info=&#8220;{}&#8220;][et_pb_text _builder_version=&#8220;4.21.0&#8243; _module_preset=&#8220;2a58ed68-3482-4290-9ccb-abb91e5b525b&#8220; header_font=&#8220;||||||||&#8220; header_6_font=&#8220;Strawford Bold||||||||&#8220; header_6_text_color=&#8220;#FFFFFF&#8220; header_6_font_size=&#8220;1em&#8220; header_6_letter_spacing=&#8220;1px&#8220; header_6_line_height=&#8220;1.2em&#8220; custom_margin=&#8220;||20px||false|false&#8220; custom_css_main_element=&#8220;font-size: clamp(36px, 6vw, 80px);&#8220; global_colors_info=&#8220;{}&#8220;]<\/p>\n<h6>Mehr, als nur<br \/>Digitaldruck.<\/h6>\n<p>[\/et_pb_text][et_pb_button button_url=&#8220;@ET-DC@eyJkeW5hbWljIjp0cnVlLCJjb250ZW50IjoicG9zdF9saW5rX3VybF9wYWdlIiwic2V0dGluZ3MiOnsicG9zdF9pZCI6IjE4MjUifX0=@&#8220; button_text=&#8220;Kontakt aufnehmen&#8220; button_alignment=&#8220;left&#8220; _builder_version=&#8220;4.27.4&#8243; _dynamic_attributes=&#8220;button_url&#8220; _module_preset=&#8220;default&#8220; custom_button=&#8220;on&#8220; button_text_size=&#8220;20px&#8220; button_text_color=&#8220;#FFFFFF&#8220; button_bg_color=&#8220;RGBA(255,255,255,0)&#8220; button_border_width=&#8220;0px&#8220; button_border_radius=&#8220;0px&#8220; button_letter_spacing=&#8220;0.4px&#8220; button_font=&#8220;Strawford Bold||||||||&#8220; button_icon=&#8220;&#x24;||divi||400&#8243; button_on_hover=&#8220;off&#8220; custom_margin=&#8220;0px||||false|false&#8220; custom_padding=&#8220;0px|0px||5px|false|false&#8220; locked=&#8220;off&#8220; global_colors_info=&#8220;{}&#8220; button_text_color__hover_enabled=&#8220;on|hover&#8220; button_text_color__hover=&#8220;#939598&#8243; button_letter_spacing__hover_enabled=&#8220;off|desktop&#8220; button_letter_spacing__hover=&#8220;0.8px&#8220; button_text_shadow_color__hover_enabled=&#8220;on|desktop&#8220; button_text_shadow_color__hover=&#8220;rgba(0,0,0,0.1)&#8220;][\/et_pb_button][\/et_pb_column][\/et_pb_row][\/et_pb_section]<\/p>\n","protected":false},"excerpt":{"rendered":"<p>XXL-Druck XXL-Au\u00dfenwerbungDas ist H&amp;D Digitaldruck: Immer Ihre Zielgruppe erreichen. Genau da, wo sie unterwegs ist. Die M\u00f6glichkeiten daf\u00fcr sind unz\u00e4hlig, ob textile (Gro\u00df-)Bilder f\u00fcr Messe- oder Ladenbau, Klebefolien f\u00fcr jeden Einsatzbereich oder Leuchtk\u00e4sten f\u00fcr das gewisse Extra. Vielleicht ist auch die klassische Schaufensterwerbung die perfekte L\u00f6sung, um Ihre potentiellen Kunden anzusprechen. Lassen Sie uns gemeinsam [&hellip;]<\/p>\n","protected":false},"author":2,"featured_media":0,"parent":0,"menu_order":0,"comment_status":"closed","ping_status":"closed","template":"","meta":{"_et_pb_use_builder":"on","_et_pb_old_content":"","_et_gb_content_width":"","footnotes":""},"class_list":["post-1615","page","type-page","status-publish","hentry"],"yoast_head":"<!-- This site is optimized with the Yoast SEO plugin v27.6 - https:\/\/yoast.com\/product\/yoast-seo-wordpress\/ -->\n<title>XXL-Au\u00dfenwerbung - H&amp;D Digitaldruck<\/title>\n<meta name=\"description\" content=\"Das ist H&amp;D Digitaldruck: Immer Ihre Zielgruppe erreichen. Genau da, wo sie unterwegs ist. XXL PVC- oder Netz-Planen, Fassadenbanner, LED Leuchtk\u00e4sten und vieles mehr...\" \/>\n<meta name=\"robots\" content=\"index, follow, max-snippet:-1, max-image-preview:large, max-video-preview:-1\" \/>\n<link rel=\"canonical\" href=\"https:\/\/hd-xxlprint.de\/en\/xxl-aussenwerbung\/\" \/>\n<meta property=\"og:locale\" content=\"en_US\" \/>\n<meta property=\"og:type\" content=\"article\" \/>\n<meta property=\"og:title\" content=\"XXL-Au\u00dfenwerbung - H&amp;D Digitaldruck\" \/>\n<meta property=\"og:description\" content=\"Das ist H&amp;D Digitaldruck: Immer Ihre Zielgruppe erreichen. Genau da, wo sie unterwegs ist. XXL PVC- oder Netz-Planen, Fassadenbanner, LED Leuchtk\u00e4sten und vieles mehr...\" \/>\n<meta property=\"og:url\" content=\"https:\/\/hd-xxlprint.de\/en\/xxl-aussenwerbung\/\" \/>\n<meta property=\"og:site_name\" content=\"H&amp;D Digitaldruck\" \/>\n<meta property=\"article:modified_time\" content=\"2025-08-11T10:27:54+00:00\" \/>\n<meta name=\"twitter:card\" content=\"summary_large_image\" \/>\n<meta name=\"twitter:label1\" content=\"Est. reading time\" \/>\n\t<meta name=\"twitter:data1\" content=\"4 minutes\" \/>\n<script type=\"application\/ld+json\" class=\"yoast-schema-graph\">{\"@context\":\"https:\\\/\\\/schema.org\",\"@graph\":[{\"@type\":\"WebPage\",\"@id\":\"https:\\\/\\\/hd-xxlprint.de\\\/xxl-aussenwerbung\\\/\",\"url\":\"https:\\\/\\\/hd-xxlprint.de\\\/xxl-aussenwerbung\\\/\",\"name\":\"XXL-Au\u00dfenwerbung - H&amp;D Digitaldruck\",\"isPartOf\":{\"@id\":\"https:\\\/\\\/hd-xxlprint.de\\\/#website\"},\"datePublished\":\"2022-06-22T09:17:39+00:00\",\"dateModified\":\"2025-08-11T10:27:54+00:00\",\"description\":\"Das ist H&D Digitaldruck: Immer Ihre Zielgruppe erreichen. Genau da, wo sie unterwegs ist. XXL PVC- oder Netz-Planen, Fassadenbanner, LED Leuchtk\u00e4sten und vieles mehr...\",\"breadcrumb\":{\"@id\":\"https:\\\/\\\/hd-xxlprint.de\\\/xxl-aussenwerbung\\\/#breadcrumb\"},\"inLanguage\":\"en-US\",\"potentialAction\":[{\"@type\":\"ReadAction\",\"target\":[\"https:\\\/\\\/hd-xxlprint.de\\\/xxl-aussenwerbung\\\/\"]}]},{\"@type\":\"BreadcrumbList\",\"@id\":\"https:\\\/\\\/hd-xxlprint.de\\\/xxl-aussenwerbung\\\/#breadcrumb\",\"itemListElement\":[{\"@type\":\"ListItem\",\"position\":1,\"name\":\"Startseite\",\"item\":\"https:\\\/\\\/hd-xxlprint.de\\\/\"},{\"@type\":\"ListItem\",\"position\":2,\"name\":\"XXL-Au\u00dfenwerbung\"}]},{\"@type\":\"WebSite\",\"@id\":\"https:\\\/\\\/hd-xxlprint.de\\\/#website\",\"url\":\"https:\\\/\\\/hd-xxlprint.de\\\/\",\"name\":\"H&amp;D Digitaldruck\",\"description\":\"Mehr, als nur Digitaldruck\",\"potentialAction\":[{\"@type\":\"SearchAction\",\"target\":{\"@type\":\"EntryPoint\",\"urlTemplate\":\"https:\\\/\\\/hd-xxlprint.de\\\/?s={search_term_string}\"},\"query-input\":{\"@type\":\"PropertyValueSpecification\",\"valueRequired\":true,\"valueName\":\"search_term_string\"}}],\"inLanguage\":\"en-US\"}]}<\/script>\n<!-- \/ Yoast SEO plugin. -->","yoast_head_json":{"title":"XXL-Au\u00dfenwerbung - H&amp;D Digitaldruck","description":"Das ist H&D Digitaldruck: Immer Ihre Zielgruppe erreichen. Genau da, wo sie unterwegs ist. XXL PVC- oder Netz-Planen, Fassadenbanner, LED Leuchtk\u00e4sten und vieles mehr...","robots":{"index":"index","follow":"follow","max-snippet":"max-snippet:-1","max-image-preview":"max-image-preview:large","max-video-preview":"max-video-preview:-1"},"canonical":"https:\/\/hd-xxlprint.de\/en\/xxl-aussenwerbung\/","og_locale":"en_US","og_type":"article","og_title":"XXL-Au\u00dfenwerbung - H&amp;D Digitaldruck","og_description":"Das ist H&D Digitaldruck: Immer Ihre Zielgruppe erreichen. Genau da, wo sie unterwegs ist. XXL PVC- oder Netz-Planen, Fassadenbanner, LED Leuchtk\u00e4sten und vieles mehr...","og_url":"https:\/\/hd-xxlprint.de\/en\/xxl-aussenwerbung\/","og_site_name":"H&amp;D Digitaldruck","article_modified_time":"2025-08-11T10:27:54+00:00","twitter_card":"summary_large_image","twitter_misc":{"Est. reading time":"4 minutes"},"schema":{"@context":"https:\/\/schema.org","@graph":[{"@type":"WebPage","@id":"https:\/\/hd-xxlprint.de\/xxl-aussenwerbung\/","url":"https:\/\/hd-xxlprint.de\/xxl-aussenwerbung\/","name":"XXL-Au\u00dfenwerbung - H&amp;D Digitaldruck","isPartOf":{"@id":"https:\/\/hd-xxlprint.de\/#website"},"datePublished":"2022-06-22T09:17:39+00:00","dateModified":"2025-08-11T10:27:54+00:00","description":"Das ist H&D Digitaldruck: Immer Ihre Zielgruppe erreichen. Genau da, wo sie unterwegs ist. XXL PVC- oder Netz-Planen, Fassadenbanner, LED Leuchtk\u00e4sten und vieles mehr...","breadcrumb":{"@id":"https:\/\/hd-xxlprint.de\/xxl-aussenwerbung\/#breadcrumb"},"inLanguage":"en-US","potentialAction":[{"@type":"ReadAction","target":["https:\/\/hd-xxlprint.de\/xxl-aussenwerbung\/"]}]},{"@type":"BreadcrumbList","@id":"https:\/\/hd-xxlprint.de\/xxl-aussenwerbung\/#breadcrumb","itemListElement":[{"@type":"ListItem","position":1,"name":"Startseite","item":"https:\/\/hd-xxlprint.de\/"},{"@type":"ListItem","position":2,"name":"XXL-Au\u00dfenwerbung"}]},{"@type":"WebSite","@id":"https:\/\/hd-xxlprint.de\/#website","url":"https:\/\/hd-xxlprint.de\/","name":"H&amp;D Digitaldruck","description":"Mehr, als nur Digitaldruck","potentialAction":[{"@type":"SearchAction","target":{"@type":"EntryPoint","urlTemplate":"https:\/\/hd-xxlprint.de\/?s={search_term_string}"},"query-input":{"@type":"PropertyValueSpecification","valueRequired":true,"valueName":"search_term_string"}}],"inLanguage":"en-US"}]}},"_links":{"self":[{"href":"https:\/\/hd-xxlprint.de\/en\/wp-json\/wp\/v2\/pages\/1615","targetHints":{"allow":["GET"]}}],"collection":[{"href":"https:\/\/hd-xxlprint.de\/en\/wp-json\/wp\/v2\/pages"}],"about":[{"href":"https:\/\/hd-xxlprint.de\/en\/wp-json\/wp\/v2\/types\/page"}],"author":[{"embeddable":true,"href":"https:\/\/hd-xxlprint.de\/en\/wp-json\/wp\/v2\/users\/2"}],"replies":[{"embeddable":true,"href":"https:\/\/hd-xxlprint.de\/en\/wp-json\/wp\/v2\/comments?post=1615"}],"version-history":[{"count":12,"href":"https:\/\/hd-xxlprint.de\/en\/wp-json\/wp\/v2\/pages\/1615\/revisions"}],"predecessor-version":[{"id":3186,"href":"https:\/\/hd-xxlprint.de\/en\/wp-json\/wp\/v2\/pages\/1615\/revisions\/3186"}],"wp:attachment":[{"href":"https:\/\/hd-xxlprint.de\/en\/wp-json\/wp\/v2\/media?parent=1615"}],"curies":[{"name":"wp","href":"https:\/\/api.w.org\/{rel}","templated":true}]}}