{"id":1457,"date":"2022-06-14T09:59:55","date_gmt":"2022-06-14T07:59:55","guid":{"rendered":"https:\/\/hd-xxlprint.de\/?page_id=1457"},"modified":"2025-08-11T12:24:07","modified_gmt":"2025-08-11T10:24:07","slug":"impressum","status":"publish","type":"page","link":"https:\/\/hd-xxlprint.de\/en\/impressum\/","title":{"rendered":"Imprint"},"content":{"rendered":"<p>[et_pb_section fb_built=&#8220;1&#8243; _builder_version=&#8220;4.17.4&#8243; _module_preset=&#8220;default&#8220; custom_margin=&#8220;0px||||false|false&#8220; global_colors_info=&#8220;{}&#8220;][et_pb_row column_structure=&#8220;2_3,1_3&#8243; _builder_version=&#8220;4.17.4&#8243; _module_preset=&#8220;default&#8220; global_colors_info=&#8220;{}&#8220;][et_pb_column type=&#8220;2_3&#8243; _builder_version=&#8220;4.17.4&#8243; _module_preset=&#8220;default&#8220; global_colors_info=&#8220;{}&#8220;][et_pb_text _builder_version=&#8220;4.17.4&#8243; _module_preset=&#8220;default&#8220; text_font=&#8220;Strawford Regular||||||||&#8220; text_text_color=&#8220;rgba(0,0,0,0.5)&#8220; text_font_size=&#8220;18px&#8220; text_line_height=&#8220;1.6em&#8220; header_font=&#8220;Strawford Bold||||||||&#8220; header_2_font=&#8220;Strawford Bold||||||||&#8220; header_3_font=&#8220;Strawford Bold||||||||&#8220; global_colors_info=&#8220;{}&#8220;]<\/p>\n<div class=\"elementor-element elementor-element-7c86542 elementor-widget elementor-widget-heading\" data-id=\"7c86542\" data-element_type=\"widget\" data-widget_type=\"heading.default\">\n<div class=\"elementor-widget-container\">\n<h1 class=\"elementor-heading-title elementor-size-default\">Impressum<\/h1>\n<\/div>\n<\/div>\n<div class=\"elementor-element elementor-element-55c572b elementor-widget elementor-widget-text-editor\" data-id=\"55c572b\" data-element_type=\"widget\" data-widget_type=\"text-editor.default\">\n<div class=\"elementor-widget-container\">\n<div class=\"elementor-text-editor elementor-clearfix\">\n<h2>H&amp;D Digitaldruck GmbH<\/h2>\n<p>Nobelstra\u00dfe 1b<br \/>85757 Karlsfeld bei M\u00fcnchen<\/p>\n<p>Telefon 08131\u00a0\/\u00a090\u00a074-0<br \/>Telefax 08131\u00a0\/\u00a090\u00a074-111<\/p>\n<p><a href=\"http:\/\/hd-xxlprint.com\/kontakt\/\"><\/a>info@hd-xxlprint.de<\/p>\n<p>Ust-ID-Nr. DE813024260<br \/>Handelsregister: Amtsgericht M\u00fcnchen HRB 132 583<\/p>\n<p>Gesch\u00e4ftsf\u00fchrer: Walter Welte, Patrick Welte<\/p>\n<p>Die H&amp;D Digitaldruck GmbH \u00fcbernimmt keine Haftung f\u00fcr Gestaltung, Inhalte, Aktualit\u00e4t und Richtigkeit aller gelinkten Seiten. Diese Erkl\u00e4rung gilt f\u00fcr alle auf dieser Site ausgebrachten Links und f\u00fcr alle Inhalte der Seiten, zu denen Banner f\u00fchren.<\/p>\n<\/div>\n<\/div>\n<\/div>\n<p>[\/et_pb_text][\/et_pb_column][et_pb_column type=&#8220;1_3&#8243; _builder_version=&#8220;4.17.4&#8243; _module_preset=&#8220;default&#8220; global_colors_info=&#8220;{}&#8220;][\/et_pb_column][\/et_pb_row][\/et_pb_section]<\/p>\n","protected":false},"excerpt":{"rendered":"<p>Impressum H&amp;D Digitaldruck GmbH Nobelstra\u00dfe 1b85757 Karlsfeld bei M\u00fcnchen Telefon 08131\u00a0\/\u00a090\u00a074-0Telefax 08131\u00a0\/\u00a090\u00a074-111 info@hd-xxlprint.de Ust-ID-Nr. DE813024260Handelsregister: Amtsgericht M\u00fcnchen HRB 132 583 Gesch\u00e4ftsf\u00fchrer: Walter Welte, Patrick Welte Die H&amp;D Digitaldruck GmbH \u00fcbernimmt keine Haftung f\u00fcr Gestaltung, Inhalte, Aktualit\u00e4t und Richtigkeit aller gelinkten Seiten. Diese Erkl\u00e4rung gilt f\u00fcr alle auf dieser Site ausgebrachten Links und f\u00fcr alle Inhalte [&hellip;]<\/p>\n","protected":false},"author":2,"featured_media":0,"parent":0,"menu_order":0,"comment_status":"closed","ping_status":"closed","template":"","meta":{"_et_pb_use_builder":"on","_et_pb_old_content":"","_et_gb_content_width":"","footnotes":""},"class_list":["post-1457","page","type-page","status-publish","hentry"],"yoast_head":"<!-- This site is optimized with the Yoast SEO plugin v27.6 - https:\/\/yoast.com\/product\/yoast-seo-wordpress\/ -->\n<title>Impressum - H&amp;D Digitaldruck<\/title>\n<meta name=\"robots\" content=\"index, follow, max-snippet:-1, max-image-preview:large, max-video-preview:-1\" \/>\n<link rel=\"canonical\" href=\"https:\/\/hd-xxlprint.de\/en\/impressum\/\" \/>\n<meta property=\"og:locale\" content=\"en_US\" \/>\n<meta property=\"og:type\" content=\"article\" \/>\n<meta property=\"og:title\" content=\"Impressum - H&amp;D Digitaldruck\" \/>\n<meta property=\"og:description\" content=\"Impressum H&amp;D Digitaldruck GmbH Nobelstra\u00dfe 1b85757 Karlsfeld bei M\u00fcnchen Telefon 08131\u00a0\/\u00a090\u00a074-0Telefax 08131\u00a0\/\u00a090\u00a074-111 info@hd-xxlprint.de Ust-ID-Nr. DE813024260Handelsregister: Amtsgericht M\u00fcnchen HRB 132 583 Gesch\u00e4ftsf\u00fchrer: Walter Welte, Patrick Welte Die H&amp;D Digitaldruck GmbH \u00fcbernimmt keine Haftung f\u00fcr Gestaltung, Inhalte, Aktualit\u00e4t und Richtigkeit aller gelinkten Seiten. Diese Erkl\u00e4rung gilt f\u00fcr alle auf dieser Site ausgebrachten Links und f\u00fcr alle Inhalte [&hellip;]\" \/>\n<meta property=\"og:url\" content=\"https:\/\/hd-xxlprint.de\/en\/impressum\/\" \/>\n<meta property=\"og:site_name\" content=\"H&amp;D Digitaldruck\" \/>\n<meta property=\"article:modified_time\" content=\"2025-08-11T10:24:07+00:00\" \/>\n<meta name=\"twitter:card\" content=\"summary_large_image\" \/>\n<meta name=\"twitter:label1\" content=\"Est. reading time\" \/>\n\t<meta name=\"twitter:data1\" content=\"1 minute\" \/>\n<script type=\"application\/ld+json\" class=\"yoast-schema-graph\">{\"@context\":\"https:\\\/\\\/schema.org\",\"@graph\":[{\"@type\":\"WebPage\",\"@id\":\"https:\\\/\\\/hd-xxlprint.de\\\/impressum\\\/\",\"url\":\"https:\\\/\\\/hd-xxlprint.de\\\/impressum\\\/\",\"name\":\"Impressum - H&amp;D Digitaldruck\",\"isPartOf\":{\"@id\":\"https:\\\/\\\/hd-xxlprint.de\\\/#website\"},\"datePublished\":\"2022-06-14T07:59:55+00:00\",\"dateModified\":\"2025-08-11T10:24:07+00:00\",\"breadcrumb\":{\"@id\":\"https:\\\/\\\/hd-xxlprint.de\\\/impressum\\\/#breadcrumb\"},\"inLanguage\":\"en-US\",\"potentialAction\":[{\"@type\":\"ReadAction\",\"target\":[\"https:\\\/\\\/hd-xxlprint.de\\\/impressum\\\/\"]}]},{\"@type\":\"BreadcrumbList\",\"@id\":\"https:\\\/\\\/hd-xxlprint.de\\\/impressum\\\/#breadcrumb\",\"itemListElement\":[{\"@type\":\"ListItem\",\"position\":1,\"name\":\"Startseite\",\"item\":\"https:\\\/\\\/hd-xxlprint.de\\\/\"},{\"@type\":\"ListItem\",\"position\":2,\"name\":\"Impressum\"}]},{\"@type\":\"WebSite\",\"@id\":\"https:\\\/\\\/hd-xxlprint.de\\\/#website\",\"url\":\"https:\\\/\\\/hd-xxlprint.de\\\/\",\"name\":\"H&amp;D Digitaldruck\",\"description\":\"Mehr, als nur Digitaldruck\",\"potentialAction\":[{\"@type\":\"SearchAction\",\"target\":{\"@type\":\"EntryPoint\",\"urlTemplate\":\"https:\\\/\\\/hd-xxlprint.de\\\/?s={search_term_string}\"},\"query-input\":{\"@type\":\"PropertyValueSpecification\",\"valueRequired\":true,\"valueName\":\"search_term_string\"}}],\"inLanguage\":\"en-US\"}]}<\/script>\n<!-- \/ Yoast SEO plugin. -->","yoast_head_json":{"title":"Impressum - H&amp;D Digitaldruck","robots":{"index":"index","follow":"follow","max-snippet":"max-snippet:-1","max-image-preview":"max-image-preview:large","max-video-preview":"max-video-preview:-1"},"canonical":"https:\/\/hd-xxlprint.de\/en\/impressum\/","og_locale":"en_US","og_type":"article","og_title":"Impressum - H&amp;D Digitaldruck","og_description":"Impressum H&amp;D Digitaldruck GmbH Nobelstra\u00dfe 1b85757 Karlsfeld bei M\u00fcnchen Telefon 08131\u00a0\/\u00a090\u00a074-0Telefax 08131\u00a0\/\u00a090\u00a074-111 info@hd-xxlprint.de Ust-ID-Nr. DE813024260Handelsregister: Amtsgericht M\u00fcnchen HRB 132 583 Gesch\u00e4ftsf\u00fchrer: Walter Welte, Patrick Welte Die H&amp;D Digitaldruck GmbH \u00fcbernimmt keine Haftung f\u00fcr Gestaltung, Inhalte, Aktualit\u00e4t und Richtigkeit aller gelinkten Seiten. Diese Erkl\u00e4rung gilt f\u00fcr alle auf dieser Site ausgebrachten Links und f\u00fcr alle Inhalte [&hellip;]","og_url":"https:\/\/hd-xxlprint.de\/en\/impressum\/","og_site_name":"H&amp;D Digitaldruck","article_modified_time":"2025-08-11T10:24:07+00:00","twitter_card":"summary_large_image","twitter_misc":{"Est. reading time":"1 minute"},"schema":{"@context":"https:\/\/schema.org","@graph":[{"@type":"WebPage","@id":"https:\/\/hd-xxlprint.de\/impressum\/","url":"https:\/\/hd-xxlprint.de\/impressum\/","name":"Impressum - H&amp;D Digitaldruck","isPartOf":{"@id":"https:\/\/hd-xxlprint.de\/#website"},"datePublished":"2022-06-14T07:59:55+00:00","dateModified":"2025-08-11T10:24:07+00:00","breadcrumb":{"@id":"https:\/\/hd-xxlprint.de\/impressum\/#breadcrumb"},"inLanguage":"en-US","potentialAction":[{"@type":"ReadAction","target":["https:\/\/hd-xxlprint.de\/impressum\/"]}]},{"@type":"BreadcrumbList","@id":"https:\/\/hd-xxlprint.de\/impressum\/#breadcrumb","itemListElement":[{"@type":"ListItem","position":1,"name":"Startseite","item":"https:\/\/hd-xxlprint.de\/"},{"@type":"ListItem","position":2,"name":"Impressum"}]},{"@type":"WebSite","@id":"https:\/\/hd-xxlprint.de\/#website","url":"https:\/\/hd-xxlprint.de\/","name":"H&amp;D Digitaldruck","description":"Mehr, als nur Digitaldruck","potentialAction":[{"@type":"SearchAction","target":{"@type":"EntryPoint","urlTemplate":"https:\/\/hd-xxlprint.de\/?s={search_term_string}"},"query-input":{"@type":"PropertyValueSpecification","valueRequired":true,"valueName":"search_term_string"}}],"inLanguage":"en-US"}]}},"_links":{"self":[{"href":"https:\/\/hd-xxlprint.de\/en\/wp-json\/wp\/v2\/pages\/1457","targetHints":{"allow":["GET"]}}],"collection":[{"href":"https:\/\/hd-xxlprint.de\/en\/wp-json\/wp\/v2\/pages"}],"about":[{"href":"https:\/\/hd-xxlprint.de\/en\/wp-json\/wp\/v2\/types\/page"}],"author":[{"embeddable":true,"href":"https:\/\/hd-xxlprint.de\/en\/wp-json\/wp\/v2\/users\/2"}],"replies":[{"embeddable":true,"href":"https:\/\/hd-xxlprint.de\/en\/wp-json\/wp\/v2\/comments?post=1457"}],"version-history":[{"count":8,"href":"https:\/\/hd-xxlprint.de\/en\/wp-json\/wp\/v2\/pages\/1457\/revisions"}],"predecessor-version":[{"id":3183,"href":"https:\/\/hd-xxlprint.de\/en\/wp-json\/wp\/v2\/pages\/1457\/revisions\/3183"}],"wp:attachment":[{"href":"https:\/\/hd-xxlprint.de\/en\/wp-json\/wp\/v2\/media?parent=1457"}],"curies":[{"name":"wp","href":"https:\/\/api.w.org\/{rel}","templated":true}]}}